{"id":69278,"date":"2026-04-02T16:08:08","date_gmt":"2026-04-02T15:08:08","guid":{"rendered":"https:\/\/gamerdeer.com\/produit\/microphone-woxter-mic-studio-50-noir\/"},"modified":"2026-04-16T11:47:50","modified_gmt":"2026-04-16T10:47:50","slug":"microphone-woxter-mic-studio-50-noir","status":"publish","type":"product","link":"https:\/\/gamerdeer.com\/en\/product\/microphone-woxter-mic-studio-50-noir\/","title":{"rendered":"Woxter Mic Studio 50 Microphone Black"},"content":{"rendered":"<p>If you are passionate about\u2019<b>computer science and electronics<\/b>, If you're at the cutting edge of technology and you don't want to miss a thing, buy <b>Woxter Mic Studio 50 Microphone Black<\/b> at the best price.<\/p>\n<p>Le <b>Mic Studio 50<\/b> de Woxter est un <b>microphone \u00e0 condensateur<\/b> con\u00e7u pour offrir une qualit\u00e9 sonore claire et professionnelle aussi bien en enregistrements qu\u2019en diffusions en direct. Cet appareil se distingue par ses <b>directivit\u00e9s omnidirectionnelle et unidirectionnelle<\/b>, lui permettant de capter le son depuis plusieurs directions ou de se concentrer sur une source pr\u00e9cise selon les besoins de l\u2019utilisateur, optimisant ainsi sa polyvalence dans divers environnements tels que studios, podcasts ou visioconf\u00e9rences. De finition <b>black<\/b> et fabriqu\u00e9 en <b>ABS<\/b>, il assure robustesse et durabilit\u00e9 pour un usage prolong\u00e9. Sa connectivit\u00e9 s\u2019effectue via un <b>port USB<\/b>, facilitant une connexion simple et directe aux ordinateurs sans besoin d\u2019interfaces suppl\u00e9mentaires, id\u00e9al pour les utilisateurs recherchant une installation rapide et sans complication. De plus, il int\u00e8gre une technologie de <b>r\u00e9duction de bruit<\/b>, contribuant \u00e0 minimiser les interf\u00e9rences externes et \u00e0 am\u00e9liorer la qualit\u00e9 audio capt\u00e9e, un point essentiel pour obtenir des enregistrements nets et professionnels. Le design <b>wired<\/b> garantit un signal stable et sans latence, souvent probl\u00e9matique avec les microphones sans fil, offrant ainsi une fiabilit\u00e9 accrue lors de sessions critiques. Le microphone Woxter Mic Studio 50 est destin\u00e9 aux professionnels et amateurs n\u00e9cessitant un \u00e9quipement polyvalent, avec une qualit\u00e9 technique avanc\u00e9e et une adaptation \u00e0 diff\u00e9rents environnements acoustiques. Sa combinaison de caract\u00e9ristiques techniques en fait une option fiable pour ceux qui recherchent un microphone USB aux performances professionnelles accessibles.<\/p>\n<ul>\n<li>Type de prise: Prise EU<\/li>\n<li>Produit \u00e0 brancher: Oui<\/li>\n<li>Bloc d\u2019Alimentation:\n<ul>\n<li>USB<\/li>\n<li>r\u00e9seau \u00e9lectrique<\/li>\n<li>C\u00e2ble \u00e9lectrique<\/li>\n<li>With wire<\/li>\n<li>C\u00e2ble USB<\/li>\n<\/ul>\n<\/li>\n<li>Type:\n<ul>\n<li>With wire<\/li>\n<li>Omnidirectionnels<\/li>\n<li>Unidirectionnels<\/li>\n<\/ul>\n<\/li>\n<li>Colour: Black<\/li>\n<li>Features:\n<ul>\n<li>Port USB<\/li>\n<li>Noise reduction<\/li>\n<li>Microphone omnidirectionnel<\/li>\n<\/ul>\n<\/li>\n<li>Mati\u00e8re: ABS<\/li>\n<li>Connections:\n<ul>\n<li>USB<\/li>\n<li>USB x 3<\/li>\n<\/ul>\n<\/li>\n<li>Connectivit\u00e9: Wi-Fi<\/li>\n<\/ul>","protected":false},"excerpt":{"rendered":"<p>Si vous \u00eates passionn\u00e9 d&#8217;informatique et d&#8217;\u00e9lectronique, si vous \u00eates \u00e0 la pointe de la technologie et qu&#8217;aucun d\u00e9tail ne vous \u00e9chappe, achetez Microphone Woxter Mic Studio 50 Noir au meilleur prix. Le Mic Studio 50 de Woxter est un microphone \u00e0 condensateur con\u00e7u pour offrir une qualit\u00e9 sonore claire et professionnelle aussi bien en [&hellip;]<\/p>\n","protected":false},"featured_media":69277,"comment_status":"open","ping_status":"closed","template":"","meta":{"_gspb_post_css":"","iawp_total_views":0},"product_brand":[],"product_cat":[51,886,887,905,883],"product_tag":[145,146],"class_list":{"0":"post-69278","1":"product","2":"type-product","3":"status-publish","4":"has-post-thumbnail","6":"product_cat-audio-streaming","7":"product_cat-informatique-electronique","8":"product_cat-informatique-peripheriques-et-consommables","9":"product_cat-micros-et-ecouteurs","10":"product_cat-micros-streaming","11":"product_tag-tag_933","12":"product_tag-tag_1295","14":"first","15":"instock","16":"taxable","17":"shipping-taxable","18":"purchasable","19":"product-type-simple"},"ct_brands":[],"_links":{"self":[{"href":"https:\/\/gamerdeer.com\/en\/wp-json\/wp\/v2\/product\/69278","targetHints":{"allow":["GET"]}}],"collection":[{"href":"https:\/\/gamerdeer.com\/en\/wp-json\/wp\/v2\/product"}],"about":[{"href":"https:\/\/gamerdeer.com\/en\/wp-json\/wp\/v2\/types\/product"}],"replies":[{"embeddable":true,"href":"https:\/\/gamerdeer.com\/en\/wp-json\/wp\/v2\/comments?post=69278"}],"wp:featuredmedia":[{"embeddable":true,"href":"https:\/\/gamerdeer.com\/en\/wp-json\/wp\/v2\/media\/69277"}],"wp:attachment":[{"href":"https:\/\/gamerdeer.com\/en\/wp-json\/wp\/v2\/media?parent=69278"}],"wp:term":[{"taxonomy":"product_brand","embeddable":true,"href":"https:\/\/gamerdeer.com\/en\/wp-json\/wp\/v2\/product_brand?post=69278"},{"taxonomy":"product_cat","embeddable":true,"href":"https:\/\/gamerdeer.com\/en\/wp-json\/wp\/v2\/product_cat?post=69278"},{"taxonomy":"product_tag","embeddable":true,"href":"https:\/\/gamerdeer.com\/en\/wp-json\/wp\/v2\/product_tag?post=69278"}],"curies":[{"name":"wp","href":"https:\/\/api.w.org\/{rel}","templated":true}]}}