{"id":69274,"date":"2026-04-01T17:33:05","date_gmt":"2026-04-01T16:33:05","guid":{"rendered":"https:\/\/gamerdeer.com\/produit\/casques-avec-microphone-krom-kopa-pro-noir\/"},"modified":"2026-04-01T17:33:05","modified_gmt":"2026-04-01T16:33:05","slug":"krom-kopa-pro-black-headset-with-microphone","status":"publish","type":"product","link":"https:\/\/gamerdeer.com\/en\/product\/krom-kopa-pro-black-headset-with-microphone\/","title":{"rendered":"Headphones with Microphone Krom KOPA PRO Black"},"content":{"rendered":"<p>If you are passionate about\u2019<b>computer science and electronics<\/b>, If you're at the cutting edge of technology and you don't want to miss a thing, buy <b>Headphones with Microphone Krom KOPA PRO Black<\/b> at the best price.<\/p>\n<p>Headphones with microphone <b>Kopa PRO<\/b> the brand <b>Krom<\/b> are external on-ear devices designed to deliver a high-quality sound experience and versatility across multiple platforms. Thanks to their <b>50 mm speakers with stereo sound<\/b>, They provide clear, immersive reproduction that allows users to isolate themselves from ambient noise and enjoy long, uninterrupted gaming or music listening sessions, even in noisy environments. They incorporate a <b>flexible, omnidirectional microphone<\/b> which makes it easy to adjust to the optimum distance, capturing voice accurately for smooth communication in collaborative situations or online competitions. Their connectivity includes <b>USB ports and a 3.5 mm jack socket<\/b>, It is compatible with a wide range of devices, including PCs, PlayStation 4 and 5 consoles, Nintendo Switch, tablets and smartphones. Construction in <b>resistant plastic<\/b> and their ergonomic design ensure long-lasting comfort, while the integrated control on the left earpiece makes it easy to manage the volume and microphone for a personalised, convenient experience. With a 210 cm cable and dimensions of 216 x 205 x 103 mm, as well as a balanced weight of 283 g, these headphones combine technical functionality, adaptability and comfort. With a sensitivity of 110 +\/- 3 dB and an impedance of 16 Ohm, the <b>Kopa PRO<\/b> is a reliable option for users looking for sound quality, cross-platform compatibility and simple control in an affordable mid-range device. In short, the Krom Kopa PROs offer a good balance between performance and design for those who value clear communication and optimum sound immersion.<\/p>\n<ul>\n<li>Type:\n<ul>\n<li>Headset<\/li>\n<li>Headphones<\/li>\n<li>Headsets with Gaming Microphone<\/li>\n<li>Headsets with Microphone<\/li>\n<li>With wire<\/li>\n<\/ul>\n<\/li>\n<li>Style: Headband<\/li>\n<li>Colour: Black<\/li>\n<li>Design: Headphones<\/li>\n<li>Recommended use:\n<ul>\n<li>Game<\/li>\n<li>Games<\/li>\n<\/ul>\n<\/li>\n<li>Features:\n<ul>\n<li>With cable<\/li>\n<li>Built-in microphone<\/li>\n<li>16 ohm<\/li>\n<\/ul>\n<\/li>\n<li>Control type: Turntable<\/li>\n<li>Material: Plastic<\/li>\n<li>Connections:\n<ul>\n<li>USB<\/li>\n<li>3.5 mm jack<\/li>\n<li>With wire<\/li>\n<\/ul>\n<\/li>\n<li>Type of headphones: External supra-aural<\/li>\n<li>Power supply: wired<\/li>\n<li>Frequency: 20 - 20,000 Hz<\/li>\n<li>Volume: 110 dB<\/li>\n<li>Cable length: 2.1 m<\/li>\n<li>Recommended age: Adults<\/li>\n<li>Width: 21 cm<\/li>\n<li>Weight: 405 g<\/li>\n<li>Volume control: Rotary<\/li>\n<li>Headphones: Binaural<\/li>\n<li>Battery type:\n<ul>\n<li>Litio Ion<\/li>\n<li>Rechargeable lithium battery<\/li>\n<\/ul>\n<\/li>\n<li>Impedance: 2200 \u03a9<\/li>\n<\/ul>","protected":false},"excerpt":{"rendered":"<p>Si vous \u00eates passionn\u00e9 d&#8217;informatique et d&#8217;\u00e9lectronique, si vous \u00eates \u00e0 la pointe de la technologie et qu&#8217;aucun d\u00e9tail ne vous \u00e9chappe, achetez Casques avec Microphone Krom KOPA PRO Noir au meilleur prix. Les \u00e9couteurs avec microphone Kopa PRO de la marque Krom sont des dispositifs supra-auriculaires externes con\u00e7us pour offrir une exp\u00e9rience sonore de [&hellip;]<\/p>\n","protected":false},"featured_media":69273,"comment_status":"open","ping_status":"closed","template":"","meta":{"_seopress_robots_primary_cat":"","_seopress_titles_title":"","_seopress_titles_desc":"","_seopress_robots_index":"","_gspb_post_css":""},"product_brand":[],"product_cat":[570,886,890],"product_tag":[147],"class_list":{"0":"post-69274","1":"product","2":"type-product","3":"status-publish","4":"has-post-thumbnail","6":"product_cat-ecouteurs-gaming","7":"product_cat-informatique-electronique","8":"product_cat-informatique-gaming","9":"product_tag-tag_29","11":"first","12":"instock","13":"taxable","14":"shipping-taxable","15":"purchasable","16":"product-type-simple"},"ct_brands":[],"_links":{"self":[{"href":"https:\/\/gamerdeer.com\/en\/wp-json\/wp\/v2\/product\/69274","targetHints":{"allow":["GET"]}}],"collection":[{"href":"https:\/\/gamerdeer.com\/en\/wp-json\/wp\/v2\/product"}],"about":[{"href":"https:\/\/gamerdeer.com\/en\/wp-json\/wp\/v2\/types\/product"}],"replies":[{"embeddable":true,"href":"https:\/\/gamerdeer.com\/en\/wp-json\/wp\/v2\/comments?post=69274"}],"wp:featuredmedia":[{"embeddable":true,"href":"https:\/\/gamerdeer.com\/en\/wp-json\/wp\/v2\/media\/69273"}],"wp:attachment":[{"href":"https:\/\/gamerdeer.com\/en\/wp-json\/wp\/v2\/media?parent=69274"}],"wp:term":[{"taxonomy":"product_brand","embeddable":true,"href":"https:\/\/gamerdeer.com\/en\/wp-json\/wp\/v2\/product_brand?post=69274"},{"taxonomy":"product_cat","embeddable":true,"href":"https:\/\/gamerdeer.com\/en\/wp-json\/wp\/v2\/product_cat?post=69274"},{"taxonomy":"product_tag","embeddable":true,"href":"https:\/\/gamerdeer.com\/en\/wp-json\/wp\/v2\/product_tag?post=69274"}],"curies":[{"name":"wp","href":"https:\/\/api.w.org\/{rel}","templated":true}]}}