{"id":69272,"date":"2026-04-01T17:13:23","date_gmt":"2026-04-01T16:13:23","guid":{"rendered":"https:\/\/gamerdeer.com\/produit\/clavier-et-souris-krom-kabala-noir-multicouleur-espagnol-qwerty\/"},"modified":"2026-04-01T17:13:23","modified_gmt":"2026-04-01T16:13:23","slug":"krom-kabala-keyboard-and-mouse-black-multicolour-spanish-qwerty","status":"publish","type":"product","link":"https:\/\/gamerdeer.com\/en\/product\/krom-kabala-keyboard-and-mouse-black-multicolour-spanish-qwerty\/","title":{"rendered":"keyboard and mouse Krom Kabala Black Multicolour Spanish Qwerty"},"content":{"rendered":"<p>If you are passionate about\u2019<b>computer science and electronics<\/b>, If you're at the cutting edge of technology and you don't want to miss a thing, buy <b>keyboard and mouse Krom Kabala Black Multicolour Spanish Qwerty<\/b> at the best price.<\/p>\n<ul>\n<li>Type:\n<ul>\n<li>Standard<\/li>\n<li>Combo<\/li>\n<li>keyboard and mouse<\/li>\n<li>Keyboard<\/li>\n<li>Gaming Keyboard and Mouse<\/li>\n<li>Games<\/li>\n<li>Numeric keypad<\/li>\n<li>Keyboard 105 Keys<\/li>\n<\/ul>\n<\/li>\n<li>Features:\n<ul>\n<li>USB<\/li>\n<li>Optical sensor<\/li>\n<li>Wireless<\/li>\n<li>Keyboard<\/li>\n<li>QWERTY<\/li>\n<li>Adjustable<\/li>\n<li>Backlit<\/li>\n<li>RGB illumination<\/li>\n<li>LED operating indicator<\/li>\n<li>Anti-Ghosting<\/li>\n<li>Scroll wheel<\/li>\n<li>Multimedia buttons<\/li>\n<\/ul>\n<\/li>\n<li>Illumination: LED RGB<\/li>\n<li>Language: Spanish<\/li>\n<li>Power supply: Battery<\/li>\n<li>Includes:\n<ul>\n<li>Gaming Mice<\/li>\n<li>Numeric keypad<\/li>\n<li>Mouse<\/li>\n<li>User manual<\/li>\n<li>Rechargeable lithium battery x 2<\/li>\n<\/ul>\n<\/li>\n<li>Recommended use: Game<\/li>\n<li>Colour:\n<ul>\n<li>Black<\/li>\n<li>Multicolour<\/li>\n<\/ul>\n<\/li>\n<li>Material: Plastic<\/li>\n<li>Connections: USB<\/li>\n<li>Battery type: Integrated<\/li>\n<li>Number of rooms: 2 Rooms<\/li>\n<li>Game keyboard: Membrane<\/li>\n<li>Compatible: Windows<\/li>\n<li>Design: Ergonomic<\/li>\n<li>Backlit: RGB LED<\/li>\n<li>Technology: Optical<\/li>\n<li>Connectivity: RF<\/li>\n<li>Operating system: Windows<\/li>\n<li>Mouse: 4800 dpi<\/li>\n<li>Keyboard: Spanish Qwerty<\/li>\n<\/ul>","protected":false},"excerpt":{"rendered":"<p>Si vous \u00eates passionn\u00e9 d&#8217;informatique et d&#8217;\u00e9lectronique, si vous \u00eates \u00e0 la pointe de la technologie et qu&#8217;aucun d\u00e9tail ne vous \u00e9chappe, achetez clavier et souris Krom Kabala Noir Multicouleur Espagnol Qwerty au meilleur prix. Type: Standard Combo clavier et souris Clavier Clavier et Souris Gaming Jeux Clavier num\u00e9rique Clavier 105 Touches Caract\u00e9ristiques: USB Capteur [&hellip;]<\/p>\n","protected":false},"featured_media":69271,"comment_status":"open","ping_status":"closed","template":"","meta":{"_seopress_robots_primary_cat":"","_seopress_titles_title":"","_seopress_titles_desc":"","_seopress_robots_index":"","_gspb_post_css":""},"product_brand":[],"product_cat":[912,886,887],"product_tag":[145,146],"class_list":{"0":"post-69272","1":"product","2":"type-product","3":"status-publish","4":"has-post-thumbnail","6":"product_cat-claviers","7":"product_cat-informatique-electronique","8":"product_cat-informatique-peripheriques-et-consommables","9":"product_tag-tag_933","10":"product_tag-tag_1295","12":"first","13":"instock","14":"taxable","15":"shipping-taxable","16":"purchasable","17":"product-type-simple"},"ct_brands":[],"_links":{"self":[{"href":"https:\/\/gamerdeer.com\/en\/wp-json\/wp\/v2\/product\/69272","targetHints":{"allow":["GET"]}}],"collection":[{"href":"https:\/\/gamerdeer.com\/en\/wp-json\/wp\/v2\/product"}],"about":[{"href":"https:\/\/gamerdeer.com\/en\/wp-json\/wp\/v2\/types\/product"}],"replies":[{"embeddable":true,"href":"https:\/\/gamerdeer.com\/en\/wp-json\/wp\/v2\/comments?post=69272"}],"wp:featuredmedia":[{"embeddable":true,"href":"https:\/\/gamerdeer.com\/en\/wp-json\/wp\/v2\/media\/69271"}],"wp:attachment":[{"href":"https:\/\/gamerdeer.com\/en\/wp-json\/wp\/v2\/media?parent=69272"}],"wp:term":[{"taxonomy":"product_brand","embeddable":true,"href":"https:\/\/gamerdeer.com\/en\/wp-json\/wp\/v2\/product_brand?post=69272"},{"taxonomy":"product_cat","embeddable":true,"href":"https:\/\/gamerdeer.com\/en\/wp-json\/wp\/v2\/product_cat?post=69272"},{"taxonomy":"product_tag","embeddable":true,"href":"https:\/\/gamerdeer.com\/en\/wp-json\/wp\/v2\/product_tag?post=69272"}],"curies":[{"name":"wp","href":"https:\/\/api.w.org\/{rel}","templated":true}]}}