{"id":69270,"date":"2026-04-01T17:13:22","date_gmt":"2026-04-01T16:13:22","guid":{"rendered":"https:\/\/gamerdeer.com\/produit\/casques-avec-microphone-krom-kopa-pro-blanc\/"},"modified":"2026-04-01T17:13:22","modified_gmt":"2026-04-01T16:13:22","slug":"krom-kopa-pro-white-headset-with-microphone","status":"publish","type":"product","link":"https:\/\/gamerdeer.com\/en\/product\/krom-kopa-pro-white-headset-with-microphone\/","title":{"rendered":"Headphones with Microphone Krom KOPA PRO White"},"content":{"rendered":"<p>If you are passionate about\u2019<b>computer science and electronics<\/b>, If you're at the cutting edge of technology and you don't want to miss a thing, buy <b>Headphones with Microphone Krom KOPA PRO White<\/b> at the best price.<\/p>\n<p>Le <b>KROM KOPA PRO<\/b> from <b>Nox-Xtreme<\/b> est un ensemble de <b>casques avec microphone<\/b> sp\u00e9cialement con\u00e7u pour le public <b>gaming<\/b>, alliant design confortable et fonctionnalit\u00e9s avanc\u00e9es pour une exp\u00e9rience optimale lors de longues sessions de jeu. Ces casques disposent d\u2019une connexion <b>wireless<\/b> pour une plus grande libert\u00e9 de mouvement, compl\u00e9t\u00e9e par une option de connexion <b>jack 3,5 mm<\/b>, offrant ainsi une grande polyvalence d\u2019utilisation sur diff\u00e9rentes plateformes. Leur structure est <b>circum-auriculaire externe<\/b>, enveloppant enti\u00e8rement l\u2019oreille pour am\u00e9liorer l\u2019isolation acoustique et garantir un confort prolong\u00e9. L\u2019appareil propose une r\u00e9ponse en fr\u00e9quence de <b>20 Hz \u00e0 20 000 Hz<\/b>, assurant une reproduction fid\u00e8le des sons graves et aigus essentiels \u00e0 une exp\u00e9rience sonore immersive et d\u00e9taill\u00e9e. Bien que la connectivit\u00e9 principale soit sans fil, un c\u00e2ble de <b>2,1 m\u00e8tres<\/b> est inclus pour une connexion filaire si n\u00e9cessaire. Avec un poids de <b>283 grammes<\/b>, le KROM KOPA PRO \u00e9quilibre robustesse et l\u00e9g\u00e8ret\u00e9, \u00e9vitant la fatigue utilisateur. Sa finition <b>blanche<\/b> lui conf\u00e8re un aspect moderne et distinctif sur le march\u00e9 des casques gaming, souvent domin\u00e9 par des couleurs plus sombres. Con\u00e7u pour un usage intensif en jeux vid\u00e9o, il int\u00e8gre un microphone garantissant une communication claire et pr\u00e9cise, essentielle pour la coordination en multijoueur. En r\u00e9sum\u00e9, ces casques combinent qualit\u00e9 sonore, confort et flexibilit\u00e9 de connexion, se positionnant comme une option fiable pour les joueurs recherchant performance et polyvalence sur PC, consoles et mobiles.<\/p>\n<ul>\n<li>Design: Headphones<\/li>\n<li>Type:\n<ul>\n<li>Helmet<\/li>\n<li>Games<\/li>\n<li>Headphones<\/li>\n<li>Headsets with Microphone<\/li>\n<li>With wire<\/li>\n<\/ul>\n<\/li>\n<li>Features:\n<ul>\n<li>With cable<\/li>\n<li>Built-in microphone<\/li>\n<li>Wireless<\/li>\n<li>16 ohm<\/li>\n<\/ul>\n<\/li>\n<li>Colour:\n<ul>\n<li>Black<\/li>\n<li>White<\/li>\n<\/ul>\n<\/li>\n<li>Control type: Turntable<\/li>\n<li>Recommended use:\n<ul>\n<li>Game<\/li>\n<li>Games<\/li>\n<\/ul>\n<\/li>\n<li>Material: Plastic<\/li>\n<li>Connectivit\u00e9: Sans fil<\/li>\n<li>Type de casque:\n<ul>\n<li>Circonf\u00e9rence externe<\/li>\n<li>Externe supra-aural<\/li>\n<\/ul>\n<\/li>\n<li>Power supply: wired<\/li>\n<li>Connexions: Jack 3.5 mm<\/li>\n<li>Frequency: 20 - 20,000 Hz<\/li>\n<li>Volume: 110 dB<\/li>\n<li>Cable length: 2.1 m<\/li>\n<li>Recommended age: Adults<\/li>\n<li>Non Inclus: Adaptateur AC<\/li>\n<li>Width: 21 cm<\/li>\n<li>Volume control: Rotary<\/li>\n<li>Headphones: Binaural<\/li>\n<li>Impedance: 2200 \u03a9<\/li>\n<\/ul>","protected":false},"excerpt":{"rendered":"<p>Si vous \u00eates passionn\u00e9 d&#8217;informatique et d&#8217;\u00e9lectronique, si vous \u00eates \u00e0 la pointe de la technologie et qu&#8217;aucun d\u00e9tail ne vous \u00e9chappe, achetez Casques avec Microphone Krom KOPA PRO Blanc au meilleur prix. Le KROM KOPA PRO de Nox-Xtreme est un ensemble de casques avec microphone sp\u00e9cialement con\u00e7u pour le public gaming, alliant design confortable [&hellip;]<\/p>\n","protected":false},"featured_media":69269,"comment_status":"open","ping_status":"closed","template":"","meta":{"_seopress_robots_primary_cat":"","_seopress_titles_title":"","_seopress_titles_desc":"","_seopress_robots_index":"","_gspb_post_css":""},"product_brand":[],"product_cat":[570,886,890],"product_tag":[147],"class_list":{"0":"post-69270","1":"product","2":"type-product","3":"status-publish","4":"has-post-thumbnail","6":"product_cat-ecouteurs-gaming","7":"product_cat-informatique-electronique","8":"product_cat-informatique-gaming","9":"product_tag-tag_29","11":"first","12":"instock","13":"taxable","14":"shipping-taxable","15":"purchasable","16":"product-type-simple"},"ct_brands":[],"_links":{"self":[{"href":"https:\/\/gamerdeer.com\/en\/wp-json\/wp\/v2\/product\/69270","targetHints":{"allow":["GET"]}}],"collection":[{"href":"https:\/\/gamerdeer.com\/en\/wp-json\/wp\/v2\/product"}],"about":[{"href":"https:\/\/gamerdeer.com\/en\/wp-json\/wp\/v2\/types\/product"}],"replies":[{"embeddable":true,"href":"https:\/\/gamerdeer.com\/en\/wp-json\/wp\/v2\/comments?post=69270"}],"wp:featuredmedia":[{"embeddable":true,"href":"https:\/\/gamerdeer.com\/en\/wp-json\/wp\/v2\/media\/69269"}],"wp:attachment":[{"href":"https:\/\/gamerdeer.com\/en\/wp-json\/wp\/v2\/media?parent=69270"}],"wp:term":[{"taxonomy":"product_brand","embeddable":true,"href":"https:\/\/gamerdeer.com\/en\/wp-json\/wp\/v2\/product_brand?post=69270"},{"taxonomy":"product_cat","embeddable":true,"href":"https:\/\/gamerdeer.com\/en\/wp-json\/wp\/v2\/product_cat?post=69270"},{"taxonomy":"product_tag","embeddable":true,"href":"https:\/\/gamerdeer.com\/en\/wp-json\/wp\/v2\/product_tag?post=69270"}],"curies":[{"name":"wp","href":"https:\/\/api.w.org\/{rel}","templated":true}]}}