{"id":69266,"date":"2026-04-01T17:13:20","date_gmt":"2026-04-01T16:13:20","guid":{"rendered":"https:\/\/gamerdeer.com\/produit\/souris-gaming-avec-led-krom-nxkromkeos-noir-6400-dpi\/"},"modified":"2026-04-16T13:12:37","modified_gmt":"2026-04-16T12:12:37","slug":"souris-gaming-avec-led-krom-nxkromkeos-noir-6400-dpi","status":"publish","type":"product","link":"https:\/\/gamerdeer.com\/en\/product\/souris-gaming-avec-led-krom-nxkromkeos-noir-6400-dpi\/","title":{"rendered":"Gaming mouse with LED Krom NXKROMKEOS Black 6400 dpi"},"content":{"rendered":"<p>If you are passionate about\u2019<b>computer science and electronics<\/b>, If you're at the cutting edge of technology and you don't want to miss a thing, buy <b>Gaming mouse with LED Krom NXKROMKEOS Black 6400 dpi<\/b> at the best price.<\/p>\n<p>La <b>souris gaming avec LED Krom NXKROMKEOS<\/b> est un outil con\u00e7u pour offrir pr\u00e9cision et confort \u00e0 chaque session de jeu, avec son <b>capteur optique \u00e0 r\u00e9solution r\u00e9glable jusqu\u2019\u00e0 6400 dpi<\/b>, permettant d\u2019alterner entre six niveaux (800\/1600\/2400\/3200\/4800\/6400 dpi) pour s\u2019adapter \u00e0 tout style de jeu ou exigence de r\u00e9activit\u00e9. Son <b>design moderne et ergonomique<\/b> est pens\u00e9 pour la main droite, offrant une prise en main s\u00fbre pour de longues parties sans fatigue, et son format compact de <b>80 x 122 x 41 mm<\/b> associ\u00e9 \u00e0 un poids l\u00e9ger de <b>125 g<\/b> assure mobilit\u00e9 et contr\u00f4le pr\u00e9cis \u00e0 chaque mouvement. Elle int\u00e8gre <b>sept boutons programmables<\/b>, configurables pour diff\u00e9rentes actions, et une molette de d\u00e9filement qui facilite la navigation, id\u00e9ale aussi bien pour les jeux d\u2019action rapide que pour les jeux de strat\u00e9gie. L\u2019<b>\u00e9clairage LED RGB<\/b> \u00e0 effet rainbow apporte une touche personnelle, permettant d\u2019accorder la souris aux autres p\u00e9riph\u00e9riques gaming et de mettre en valeur l\u2019esth\u00e9tique de tout setup : le syst\u00e8me lumineux permet de choisir entre plusieurs couleurs (bleu, vert, rouge). De couleur <b>noire avec des d\u00e9tails en acier inoxydable<\/b> et une finition douce au toucher, elle dispose d\u2019une connexion <b>filaire via USB type A<\/b> avec c\u00e2ble tress\u00e9 de 1,5 m, garantissant une transmission de donn\u00e9es stable et sans latence, tout en offrant une meilleure durabilit\u00e9 face \u00e0 une utilisation intensive. Enti\u00e8rement compatible avec <b>Windows 7, 8.1 et 10<\/b>, elle s\u2019int\u00e8gre facilement \u00e0 tout PC de bureau ou ordinateur portable orient\u00e9 gaming et r\u00e9pond aux certifications RoHS et CE qui attestent de sa qualit\u00e9 et de sa durabilit\u00e9. Personnalisable et simple \u00e0 configurer, la Krom NXKROMKEOS se positionne comme une option polyvalente et fiable aussi bien pour les joueurs avanc\u00e9s que pour ceux qui souhaitent am\u00e9liorer leur exp\u00e9rience en jeu comp\u00e9titif.<\/p>\n<ul>\n<li>Features:\n<ul>\n<li>Lumi\u00e8res LED<\/li>\n<li>Design moderne et ergonomique<\/li>\n<li>Contr\u00f4le facile avec 7 boutons<\/li>\n<li>With cable<\/li>\n<li>Optical sensor<\/li>\n<\/ul>\n<\/li>\n<li>Dimensions approx.: 12,2 x 8 x 4,1 cm<\/li>\n<li>Type:\n<ul>\n<li>Mouse<\/li>\n<li>With wire<\/li>\n<li>Standard<\/li>\n<li>Games<\/li>\n<li>Optical Mouse<\/li>\n<\/ul>\n<\/li>\n<li>R\u00e9solution: 800-6400 dpi<\/li>\n<li>Poids: 125 g<\/li>\n<li>Largeur: 80 mm<\/li>\n<li>Units: 1 Unit<\/li>\n<li>Quantity: 1<\/li>\n<li>Connections:\n<ul>\n<li>USB-A<\/li>\n<li>USB<\/li>\n<\/ul>\n<\/li>\n<li>Colour: Black<\/li>\n<li>Mati\u00e8re: Acier inoxydable<\/li>\n<li>Connectivity: Bluetooth<\/li>\n<li>Power supply: wired<\/li>\n<li>Compatible:\n<ul>\n<li>Windows 10<\/li>\n<li>PC<\/li>\n<\/ul>\n<\/li>\n<li>Design: Ergonomic<\/li>\n<li>Longueur du c\u00e2ble: 1,5 m<\/li>\n<li>Technology: Optical<\/li>\n<li>Recommended use: Games<\/li>\n<li>Certificat: RoHS<\/li>\n<li>Fonctions: Programmable<\/li>\n<li>Facteur de forme: main droite<\/li>\n<li>Souris: 6400 dpi<\/li>\n<li>Mouvement: Personnalisable<\/li>\n<\/ul>\n<p><\/p>\n<p>Krom Keos. Format: Droitier. Technologie de d\u00e9tecteur de mouvement: Optique, Interface de l&#8217;appareil: USB Type-A, R\u00e9solution en mouvement: 6400 DPI, Type de boutons: Boutons poussoirs, Quantit\u00e9 de boutons programmables: 7, Type Scroll: Roue. Couleur de l&#8217;\u00e9clairage: Rouge\/Vert\/Bleu. Source d&#8217;alimentation: Cable. Couleur du produit: Noir<\/p>\n<p><\/p>\n<ul>\n<li>Utilit\u00e9: Jouer<\/li>\n<li>Interface de l&#8217;appareil: USB Type-A<\/li>\n<li>Technologie de d\u00e9tecteur de mouvement: Optique<\/li>\n<li>Type Scroll: Roue<\/li>\n<li>Quantit\u00e9 de boutons programmables: 7<\/li>\n<li>Type de boutons: Boutons poussoirs<\/li>\n<li>R\u00e9solution en mouvement: 6400 DPI<\/li>\n<li>R\u00e9solution de mouvement personnalisable: Oui<\/li>\n<li>Nombre de modes de r\u00e9solution des mouvements: 6<\/li>\n<li>Boutons de souris programmables: Oui<\/li>\n<li>Nombre de touches programmables: 7<\/li>\n<li>Fonctions des boutons: Dos, Commutateur DIP, En avant<\/li>\n<li>Nombre de roulettes de d\u00e9filement: 1<\/li>\n<li>D\u00e9filement des directions: verticale<\/li>\n<li>Certification: CE<\/li>\n<li>Contacts du connecteur de placage: Or<\/li>\n<li>Format: Droitier<\/li>\n<li>Couleur du produit: Noir<\/li>\n<li>Design ergonomique: Oui<\/li>\n<li>Coloration de surface: Uniforme<\/li>\n<li>\u00c9clairage: Oui<\/li>\n<li>Couleur de l&#8217;\u00e9clairage: Rouge\/Vert\/Bleu<\/li>\n<li>Longueur de c\u00e2ble: 1,5 m<\/li>\n<li>Source d&#8217;alimentation: Cable<\/li>\n<li>Consommation \u00e9lectrique: 150 mA<\/li>\n<li>Prise en charge du syst\u00e8me d&#8217;exploitation Windows: Windows 10,Windows 7,Windows 8.1<\/li>\n<li>Certificats de durabilit\u00e9: RoHS<\/li>\n<li>Largeur: 80 mm<\/li>\n<li>Profondeur: 122 mm<\/li>\n<li>Hauteur: 41 mm<\/li>\n<li>Poids: 125 g<\/li>\n<li>Quantity: 1<\/li>\n<li>Type d&#8217;emballage: Bo\u00eete<\/li>\n<\/ul>","protected":false},"excerpt":{"rendered":"<p><span class=\"unit-info\">16.9900 \u20ac \/ 1 unit<\/span><\/p>","protected":false},"featured_media":69265,"comment_status":"open","ping_status":"closed","template":"","meta":{"_gspb_post_css":"","iawp_total_views":0},"product_brand":[],"product_cat":[886,887,1058,888],"product_tag":[145,146],"class_list":{"0":"post-69266","1":"product","2":"type-product","3":"status-publish","4":"has-post-thumbnail","6":"product_cat-informatique-electronique","7":"product_cat-informatique-peripheriques-et-consommables","8":"product_cat-gamingmouse","9":"product_cat-tapis-de-souris-et-la-souris","10":"product_tag-tag_933","11":"product_tag-tag_1295","13":"first","14":"instock","15":"taxable","16":"shipping-taxable","17":"purchasable","18":"product-type-simple"},"ct_brands":[],"_links":{"self":[{"href":"https:\/\/gamerdeer.com\/en\/wp-json\/wp\/v2\/product\/69266","targetHints":{"allow":["GET"]}}],"collection":[{"href":"https:\/\/gamerdeer.com\/en\/wp-json\/wp\/v2\/product"}],"about":[{"href":"https:\/\/gamerdeer.com\/en\/wp-json\/wp\/v2\/types\/product"}],"replies":[{"embeddable":true,"href":"https:\/\/gamerdeer.com\/en\/wp-json\/wp\/v2\/comments?post=69266"}],"wp:featuredmedia":[{"embeddable":true,"href":"https:\/\/gamerdeer.com\/en\/wp-json\/wp\/v2\/media\/69265"}],"wp:attachment":[{"href":"https:\/\/gamerdeer.com\/en\/wp-json\/wp\/v2\/media?parent=69266"}],"wp:term":[{"taxonomy":"product_brand","embeddable":true,"href":"https:\/\/gamerdeer.com\/en\/wp-json\/wp\/v2\/product_brand?post=69266"},{"taxonomy":"product_cat","embeddable":true,"href":"https:\/\/gamerdeer.com\/en\/wp-json\/wp\/v2\/product_cat?post=69266"},{"taxonomy":"product_tag","embeddable":true,"href":"https:\/\/gamerdeer.com\/en\/wp-json\/wp\/v2\/product_tag?post=69266"}],"curies":[{"name":"wp","href":"https:\/\/api.w.org\/{rel}","templated":true}]}}