{"id":69211,"date":"2026-04-01T15:58:33","date_gmt":"2026-04-01T14:58:33","guid":{"rendered":"https:\/\/gamerdeer.com\/produit\/souris-razer-rz01-04000100-r3m1-noir-26000-dpi-1-unite\/"},"modified":"2026-04-16T13:12:37","modified_gmt":"2026-04-16T12:12:37","slug":"souris-razer-rz01-04000100-r3m1-noir-26000-dpi-1-unite","status":"publish","type":"product","link":"https:\/\/gamerdeer.com\/en\/product\/souris-razer-rz01-04000100-r3m1-noir-26000-dpi-1-unite\/","title":{"rendered":"Razer RZ01-04000100-R3M1 Black 26000 DPI Mouse (1 Unit)"},"content":{"rendered":"<p>If you are passionate about\u2019<b>computer science and electronics<\/b>, If you're at the cutting edge of technology and you don't want to miss a thing, buy <b>Razer RZ01-04000100-R3M1 Black 26000 DPI Mouse (1 Unit)<\/b> at the best price.<\/p>\n<p>La <b>Razer RZ01-04000100-R3M1<\/b> est une <b>souris gaming<\/b> professionnelle con\u00e7ue pour r\u00e9pondre aux exigences des joueurs comp\u00e9titifs, offrant un \u00e9quilibre parfait entre pr\u00e9cision, rapidit\u00e9 et personnalisation. Dot\u00e9e d\u2019un <b>capteur optique<\/b> haute pr\u00e9cision atteignant <b>26 000 DPI<\/b>, ce mod\u00e8le assure des mouvements rapides et un suivi exceptionnellement fiable, id\u00e9al pour les jeux o\u00f9 la pr\u00e9cision est essentielle. Son design ergonomique pour <b>utilisation main droite<\/b> garantit un confort optimal lors de longues sessions et un contr\u00f4le pr\u00e9cis gr\u00e2ce \u00e0 sa surface optimis\u00e9e et \u00e0 ses <b>11 boutons programmables<\/b> facilitant l\u2019acc\u00e8s direct aux fonctions et commandes en jeu. Elle dispose d\u2019un <b>c\u00e2ble USB<\/b> assurant une connexion stable et sans latence, indispensable pour des performances constantes en comp\u00e9tition. L\u2019<b>\u00e9clairage RGB multicolore<\/b> personnalisable apporte une touche esth\u00e9tique unique, permettant de synchroniser l\u2019apparence du p\u00e9riph\u00e9rique avec d\u2019autres accessoires et de l\u2019adapter \u00e0 l\u2019ambiance du setup gaming. Sa <b>molette de d\u00e9filement<\/b> pr\u00e9cise et ses boutons \u00e0 r\u00e9ponse rapide augmentent l\u2019efficacit\u00e9 aussi bien dans les jeux FPS et MMO que pour les t\u00e2ches quotidiennes. La finition <b>black<\/b> lui conf\u00e8re un style discret et moderne, tandis que sa structure robuste et ses composants de haute qualit\u00e9 garantissent une durabilit\u00e9 et une fiabilit\u00e9 accrues. En r\u00e9sum\u00e9, la Razer RZ01-04000100-R3M1 s\u2019impose comme une solution avanc\u00e9e et polyvalente dans l\u2019univers des p\u00e9riph\u00e9riques gaming, offrant \u00e0 l\u2019utilisateur un contr\u00f4le total, une grande sensibilit\u00e9 et une exp\u00e9rience enti\u00e8rement personnalisable.<\/p>\n<ul>\n<li>Type:\n<ul>\n<li>Mouse<\/li>\n<li>Games<\/li>\n<li>Optique<\/li>\n<li>With cable<\/li>\n<li>Souris de jeu<\/li>\n<li>With wire<\/li>\n<li>Optical Mouse<\/li>\n<\/ul>\n<\/li>\n<li>Design: Ergonomic<\/li>\n<li>Features:\n<ul>\n<li>RGB illumination<\/li>\n<li>Programmable<\/li>\n<li>Scroll wheel<\/li>\n<li>Backlit<\/li>\n<\/ul>\n<\/li>\n<li>Quantity: 1<\/li>\n<li>Width:\n<ul>\n<li>60 mm<\/li>\n<li>75 mm<\/li>\n<li>75<\/li>\n<\/ul>\n<\/li>\n<li>Profondeur: 130 mm<\/li>\n<li>Poids: 127 g<\/li>\n<li>Connections:\n<ul>\n<li>USB A 2.0<\/li>\n<li>USB-A<\/li>\n<li>USB<\/li>\n<\/ul>\n<\/li>\n<li>Boutons: 11<\/li>\n<li>vitesse: 650 IPS<\/li>\n<li>Colour:\n<ul>\n<li>Multicolour<\/li>\n<li>Black<\/li>\n<\/ul>\n<\/li>\n<li>Long: 13 cm<\/li>\n<li>Poids approx.:\n<ul>\n<li>101 G<\/li>\n<li>127 g<\/li>\n<\/ul>\n<\/li>\n<li>Nombre de pi\u00e8ces: 1 Pi\u00e8ce<\/li>\n<li>Dimensions approx.: 7,5 x 4,2 x 13 cm<\/li>\n<li>Facteur de forme: main droite<\/li>\n<li>Units: 1 Unit<\/li>\n<li>Bloc d\u2019Alimentation:\n<ul>\n<li>C\u00e2ble \u00e9lectrique<\/li>\n<li>With wire<\/li>\n<\/ul>\n<\/li>\n<li>Illumination: Multicouleur<\/li>\n<li>Technology: Optical<\/li>\n<li>Recommended use: Games<\/li>\n<li>M\u00e9moire: Oui<\/li>\n<li>Longueur: 13 cm<\/li>\n<li>Compatible: PC<\/li>\n<li>R\u00e9solution: 26000 DPI<\/li>\n<\/ul>\n<p>AVERTISSEMENTS: Ne pas ouvrir le bo\u00eetier de l&#8217;appareil pour \u00e9viter les chocs \u00e9lectriques.. <\/p>\n<p> AVERTISSEMENTS: Ne pas utiliser dans des zones humides..<\/p>","protected":false},"excerpt":{"rendered":"<p><span class=\"unit-info\">438.3846 &euro; \/ 1 m<\/span><\/p>","protected":false},"featured_media":69179,"comment_status":"open","ping_status":"closed","template":"","meta":{"_gspb_post_css":"","iawp_total_views":0},"product_brand":[],"product_cat":[886,887,1058,888],"product_tag":[145,146],"class_list":{"0":"post-69211","1":"product","2":"type-product","3":"status-publish","4":"has-post-thumbnail","6":"product_cat-informatique-electronique","7":"product_cat-informatique-peripheriques-et-consommables","8":"product_cat-gamingmouse","9":"product_cat-tapis-de-souris-et-la-souris","10":"product_tag-tag_933","11":"product_tag-tag_1295","13":"first","14":"instock","15":"taxable","16":"shipping-taxable","17":"purchasable","18":"product-type-simple"},"ct_brands":[],"_links":{"self":[{"href":"https:\/\/gamerdeer.com\/en\/wp-json\/wp\/v2\/product\/69211","targetHints":{"allow":["GET"]}}],"collection":[{"href":"https:\/\/gamerdeer.com\/en\/wp-json\/wp\/v2\/product"}],"about":[{"href":"https:\/\/gamerdeer.com\/en\/wp-json\/wp\/v2\/types\/product"}],"replies":[{"embeddable":true,"href":"https:\/\/gamerdeer.com\/en\/wp-json\/wp\/v2\/comments?post=69211"}],"wp:featuredmedia":[{"embeddable":true,"href":"https:\/\/gamerdeer.com\/en\/wp-json\/wp\/v2\/media\/69179"}],"wp:attachment":[{"href":"https:\/\/gamerdeer.com\/en\/wp-json\/wp\/v2\/media?parent=69211"}],"wp:term":[{"taxonomy":"product_brand","embeddable":true,"href":"https:\/\/gamerdeer.com\/en\/wp-json\/wp\/v2\/product_brand?post=69211"},{"taxonomy":"product_cat","embeddable":true,"href":"https:\/\/gamerdeer.com\/en\/wp-json\/wp\/v2\/product_cat?post=69211"},{"taxonomy":"product_tag","embeddable":true,"href":"https:\/\/gamerdeer.com\/en\/wp-json\/wp\/v2\/product_tag?post=69211"}],"curies":[{"name":"wp","href":"https:\/\/api.w.org\/{rel}","templated":true}]}}