{"id":69178,"date":"2026-04-01T15:38:06","date_gmt":"2026-04-01T14:38:06","guid":{"rendered":"https:\/\/gamerdeer.com\/produit\/microphone-woxter-studio\/"},"modified":"2026-04-17T07:19:07","modified_gmt":"2026-04-17T06:19:07","slug":"microphone-woxter-studio","status":"publish","type":"product","link":"https:\/\/gamerdeer.com\/en\/product\/microphone-woxter-studio\/","title":{"rendered":"Microphone Woxter STUDIO"},"content":{"rendered":"<p>Retournez au bureau sans rien oublier ! Achetez <b>Microphone Woxter STUDIO<\/b> et faites envie \u00e0 vos coll\u00e8gues!<\/p>\n<p>Le <b>microphone Woxter Mic Studio 65 RGB<\/b> est un appareil con\u00e7u pour offrir une qualit\u00e9 sonore claire et professionnelle, id\u00e9al pour les enregistrements, le streaming et les communications num\u00e9riques. Il dispose d\u2019une connexion <b>USB 2.0<\/b> qui assure la compatibilit\u00e9 avec la plupart des ordinateurs et plateformes sans n\u00e9cessiter de pilotes suppl\u00e9mentaires, garantissant une installation rapide et simple. Sa finition en <b>black<\/b> contribue \u00e0 un design sobre et \u00e9l\u00e9gant, s\u2019int\u00e9grant facilement dans tout environnement de travail ou studio. De plus, il est \u00e9quip\u00e9 d\u2019un \u00e9clairage <b>RGB r\u00e9glable<\/b>, apportant une touche visuelle moderne et personnalisable selon le style de chaque utilisateur. Ce microphone s\u2019adresse aux utilisateurs recherchant un \u00e9quilibre entre fonctionnalit\u00e9 et esth\u00e9tique, offrant une bonne capture vocale et une r\u00e9duction des bruits ambiants typiques des environnements domestiques ou semi-professionnels. Gr\u00e2ce \u00e0 sa connectivit\u00e9 USB et son design compact, il est compatible avec les applications populaires d\u2019enregistrement et de communication, constituant un outil pratique pour les cr\u00e9ateurs de contenu, gamers et professionnels de l\u2019audio qui ont besoin d\u2019une solution accessible et efficace. En r\u00e9sum\u00e9, le Woxter Mic Studio 65 RGB est une option polyvalente et confortable pour ceux qui souhaitent am\u00e9liorer la qualit\u00e9 de leur audio sans complications techniques.<\/p>\n<ul>\n<li>Cha\u00eenes: 1<\/li>\n<\/ul>","protected":false},"excerpt":{"rendered":"<p>Retournez au bureau sans rien oublier ! Achetez Microphone Woxter STUDIO et faites envie \u00e0 vos coll\u00e8gues! Le microphone Woxter Mic Studio 65 RGB est un appareil con\u00e7u pour offrir une qualit\u00e9 sonore claire et professionnelle, id\u00e9al pour les enregistrements, le streaming et les communications num\u00e9riques. Il dispose d\u2019une connexion USB 2.0 qui assure la [&hellip;]<\/p>\n","protected":false},"featured_media":69176,"comment_status":"open","ping_status":"closed","template":"","meta":{"_gspb_post_css":"","iawp_total_views":0},"product_brand":[],"product_cat":[886,887,905,883],"product_tag":[145,146],"class_list":{"0":"post-69178","1":"product","2":"type-product","3":"status-publish","4":"has-post-thumbnail","6":"product_cat-informatique-electronique","7":"product_cat-informatique-peripheriques-et-consommables","8":"product_cat-micros-et-ecouteurs","9":"product_cat-micros-streaming","10":"product_tag-tag_933","11":"product_tag-tag_1295","13":"first","14":"instock","15":"taxable","16":"shipping-taxable","17":"purchasable","18":"product-type-simple"},"ct_brands":[],"_links":{"self":[{"href":"https:\/\/gamerdeer.com\/en\/wp-json\/wp\/v2\/product\/69178","targetHints":{"allow":["GET"]}}],"collection":[{"href":"https:\/\/gamerdeer.com\/en\/wp-json\/wp\/v2\/product"}],"about":[{"href":"https:\/\/gamerdeer.com\/en\/wp-json\/wp\/v2\/types\/product"}],"replies":[{"embeddable":true,"href":"https:\/\/gamerdeer.com\/en\/wp-json\/wp\/v2\/comments?post=69178"}],"wp:featuredmedia":[{"embeddable":true,"href":"https:\/\/gamerdeer.com\/en\/wp-json\/wp\/v2\/media\/69176"}],"wp:attachment":[{"href":"https:\/\/gamerdeer.com\/en\/wp-json\/wp\/v2\/media?parent=69178"}],"wp:term":[{"taxonomy":"product_brand","embeddable":true,"href":"https:\/\/gamerdeer.com\/en\/wp-json\/wp\/v2\/product_brand?post=69178"},{"taxonomy":"product_cat","embeddable":true,"href":"https:\/\/gamerdeer.com\/en\/wp-json\/wp\/v2\/product_cat?post=69178"},{"taxonomy":"product_tag","embeddable":true,"href":"https:\/\/gamerdeer.com\/en\/wp-json\/wp\/v2\/product_tag?post=69178"}],"curies":[{"name":"wp","href":"https:\/\/api.w.org\/{rel}","templated":true}]}}