{"id":69172,"date":"2026-04-01T15:03:37","date_gmt":"2026-04-01T14:03:37","guid":{"rendered":"https:\/\/gamerdeer.com\/produit\/casques-avec-micro-gaming-razer-blackshark-v2-x-noir\/"},"modified":"2026-04-16T13:12:30","modified_gmt":"2026-04-16T12:12:30","slug":"casques-avec-micro-gaming-razer-blackshark-v2-x-noir","status":"publish","type":"product","link":"https:\/\/gamerdeer.com\/en\/product\/casques-avec-micro-gaming-razer-blackshark-v2-x-noir\/","title":{"rendered":"Razer Blackshark V2 X Noir &#8211; Casque Gaming avec Microphone"},"content":{"rendered":"<p>If you are passionate about\u2019<b>computer science and electronics<\/b>, If you're at the cutting edge of technology and you don't want to miss a thing, buy <b>Casques avec Micro Gaming Razer Blackshark V2 X Noir<\/b> at the best price.<\/p>\n<ul>\n<li>Type:\n<ul>\n<li>Headsets with Gaming Microphone<\/li>\n<li>Headphones<\/li>\n<li>Headsets with Microphone<\/li>\n<\/ul>\n<\/li>\n<li>Recommended use:\n<ul>\n<li>Game<\/li>\n<li>Games<\/li>\n<\/ul>\n<\/li>\n<li>Features:\n<ul>\n<li>Built-in microphone<\/li>\n<li>Noise reduction<\/li>\n<li>32 Ohm<\/li>\n<\/ul>\n<\/li>\n<li>Imp\u00e9dance: 32 \u03a9<\/li>\n<li>Quantit\u00e9: 1<\/li>\n<li>Fr\u00e9quence:\n<ul>\n<li>12 &#8211; 28000 HZ<\/li>\n<li>100 &#8211; 10000 Hz<\/li>\n<\/ul>\n<\/li>\n<li>Poids approx.: 240 g<\/li>\n<li>Colour: Black<\/li>\n<li>Material: Plastic<\/li>\n<li>Connections:\n<ul>\n<li>USB<\/li>\n<li>USB-C<\/li>\n<li>3.5 mm jack<\/li>\n<\/ul>\n<\/li>\n<li>Type of headphones: External supra-aural<\/li>\n<li>Power supply: wired<\/li>\n<li>Inclut: Coussinets<\/li>\n<li>Longueur du c\u00e2ble: 1,3 m<\/li>\n<li>Volume sonore: 100 dB<\/li>\n<li>Recommended age: Adults<\/li>\n<li>Volume control: Rotary<\/li>\n<li>Headphones: Binaural<\/li>\n<li>Type de commande: Boutons, rotatif<\/li>\n<\/ul>","protected":false},"excerpt":{"rendered":"<p>Si vous \u00eates passionn\u00e9 d&#8217;informatique et d&#8217;\u00e9lectronique, si vous \u00eates \u00e0 la pointe de la technologie et qu&#8217;aucun d\u00e9tail ne vous \u00e9chappe, achetez Casques avec Micro Gaming Razer Blackshark V2 X Noir au meilleur prix. Type: Casques avec Micro Gaming Casque audio Casques avec Microphone Utilisation recommand\u00e9e: Jeu Jeux Caract\u00e9ristiques: Microphone int\u00e9gr\u00e9 R\u00e9duction du bruit [&hellip;]<\/p>\n","protected":false},"featured_media":69135,"comment_status":"open","ping_status":"closed","template":"","meta":{"_gspb_post_css":"","iawp_total_views":0},"product_brand":[],"product_cat":[1122,570,886,890],"product_tag":[147],"class_list":{"0":"post-69172","1":"product","2":"type-product","3":"status-publish","4":"has-post-thumbnail","6":"product_cat-casque-gaming","7":"product_cat-ecouteurs-gaming","8":"product_cat-informatique-electronique","9":"product_cat-informatique-gaming","10":"product_tag-tag_29","12":"first","13":"instock","14":"taxable","15":"shipping-taxable","16":"purchasable","17":"product-type-simple"},"ct_brands":[],"_links":{"self":[{"href":"https:\/\/gamerdeer.com\/en\/wp-json\/wp\/v2\/product\/69172","targetHints":{"allow":["GET"]}}],"collection":[{"href":"https:\/\/gamerdeer.com\/en\/wp-json\/wp\/v2\/product"}],"about":[{"href":"https:\/\/gamerdeer.com\/en\/wp-json\/wp\/v2\/types\/product"}],"replies":[{"embeddable":true,"href":"https:\/\/gamerdeer.com\/en\/wp-json\/wp\/v2\/comments?post=69172"}],"wp:featuredmedia":[{"embeddable":true,"href":"https:\/\/gamerdeer.com\/en\/wp-json\/wp\/v2\/media\/69135"}],"wp:attachment":[{"href":"https:\/\/gamerdeer.com\/en\/wp-json\/wp\/v2\/media?parent=69172"}],"wp:term":[{"taxonomy":"product_brand","embeddable":true,"href":"https:\/\/gamerdeer.com\/en\/wp-json\/wp\/v2\/product_brand?post=69172"},{"taxonomy":"product_cat","embeddable":true,"href":"https:\/\/gamerdeer.com\/en\/wp-json\/wp\/v2\/product_cat?post=69172"},{"taxonomy":"product_tag","embeddable":true,"href":"https:\/\/gamerdeer.com\/en\/wp-json\/wp\/v2\/product_tag?post=69172"}],"curies":[{"name":"wp","href":"https:\/\/api.w.org\/{rel}","templated":true}]}}