{"id":69126,"date":"2026-04-01T14:48:04","date_gmt":"2026-04-01T13:48:04","guid":{"rendered":"https:\/\/gamerdeer.com\/produit\/haut-parleurs-de-pc-iggual-igg316993-noir-3-w\/"},"modified":"2026-04-16T13:12:30","modified_gmt":"2026-04-16T12:12:30","slug":"haut-parleurs-de-pc-iggual-igg316993-noir-3-w","status":"publish","type":"product","link":"https:\/\/gamerdeer.com\/en\/product\/haut-parleurs-de-pc-iggual-igg316993-noir-3-w\/","title":{"rendered":"Haut-parleurs de PC iggual IGG316993 Noir 3 W"},"content":{"rendered":"<p>If you are passionate about\u2019<b>computer science and electronics<\/b>, If you're at the cutting edge of technology and you don't want to miss a thing, buy <b>Haut-parleurs de PC iggual IGG316993 Noir 3 W<\/b> at the best price.<\/p>\n<p>Les haut-parleurs IGG316993 de la marque iggual sont la solution parfaite pour ceux qui recherchent un syst\u00e8me audio de qualit\u00e9 et portable. Avec une puissance totale de 6 W, ces haut-parleurs 2.0 offrent une exp\u00e9rience sonore immersive, id\u00e9aux tant pour votre poste de travail que pour votre setup de jeux. Leur design \u00e9l\u00e9gant en noir est non seulement attrayant, mais leur taille compacte permet de maximiser l&#8217;espace sur votre bureau. La facilit\u00e9 d&#8217;utilisation est refl\u00e9t\u00e9e dans leur syst\u00e8me Plug and Play, qui permet de les connecter facilement via les connecteurs mini jack de 3,5 mm et USB, sans besoin d&#8217;alimentation externe suppl\u00e9mentaire. Con\u00e7us avec des mat\u00e9riaux de haute qualit\u00e9, les haut-parleurs sont r\u00e9sistants aux chocs et disposent d&#8217;une base en caoutchouc antid\u00e9rapante qui am\u00e9liore la stabilit\u00e9 et r\u00e9duit le risque de dommages en cas de chute. De plus, le contr\u00f4le de volume int\u00e9gr\u00e9 dans le c\u00e2ble offre confort et acc\u00e8s facile \u00e0 vos r\u00e9glages sonores. Avec une plage de fr\u00e9quence de r\u00e9ponse allant de 180 Hz \u00e0 20 kHz, vous profiterez d&#8217;un son \u00e9quilibr\u00e9 et clair pour tous vos besoins multim\u00e9dias.<\/p>\n<p>&#8211; Puissance de sortie : 3 W x 2 (total 6 W)<\/p>\n<p>&#8211; Design compact et \u00e9l\u00e9gant en noir<\/p>\n<p>&#8211; Connectivit\u00e9 : mini jack de 3,5 mm et USB<\/p>\n<p>&#8211; Syst\u00e8me Plug and Play (ne n\u00e9cessite pas d&#8217;alimentation externe)<\/p>\n<p>&#8211; Contr\u00f4le de volume int\u00e9gr\u00e9 dans le c\u00e2ble<\/p>\n<p>&#8211; Base en caoutchouc antid\u00e9rapante pour plus de protection<\/p>\n<p>&#8211; Fr\u00e9quence de r\u00e9ponse : 180 Hz &#8211; 20 kHz<\/p>\n<p>&#8211; Dimensions : 72 x 105 x 68 mm<\/p>\n<p>&#8211; Longueur du c\u00e2ble : 1,2 m\u00e8tres<\/p>\n<p>Avec les haut-parleurs IGG316993 d&#8217;iggual, la qualit\u00e9 sonore et la praticit\u00e9 se combinent dans un appareil indispensable pour tout amateur de musique ou de jeux.<\/p>\n<ul>\n<li>Type:\n<ul>\n<li>Haut-parleur<\/li>\n<li>With wire<\/li>\n<li>Bureau<\/li>\n<\/ul>\n<\/li>\n<li>Connections:\n<ul>\n<li>Mini Jack 3.5 mm<\/li>\n<li>USB<\/li>\n<li>3.5 mm jack<\/li>\n<\/ul>\n<\/li>\n<li>Longueur du c\u00e2ble: 1,2 m<\/li>\n<li>Colour: Black<\/li>\n<li>Caract\u00e9ristiques: Plug and play<\/li>\n<li>puissance:\n<ul>\n<li>3 W<\/li>\n<li>6 W<\/li>\n<\/ul>\n<\/li>\n<li>Bloc d\u2019Alimentation:\n<ul>\n<li>USB<\/li>\n<li>With wire<\/li>\n<\/ul>\n<\/li>\n<li>Cha\u00eenes:\n<ul>\n<li>2.0<\/li>\n<li>2 Cha\u00eenes<\/li>\n<\/ul>\n<\/li>\n<li>Utilisation recommand\u00e9e: PC<\/li>\n<li>Tension: 5 V<\/li>\n<li>Ports: 2<\/li>\n<li>Type de prise: Type C<\/li>\n<li>Non Inclus: Bluetooth<\/li>\n<\/ul>","protected":false},"excerpt":{"rendered":"<p>Si vous \u00eates passionn\u00e9 d&#8217;informatique et d&#8217;\u00e9lectronique, si vous \u00eates \u00e0 la pointe de la technologie et qu&#8217;aucun d\u00e9tail ne vous \u00e9chappe, achetez Haut-parleurs de PC iggual IGG316993 Noir 3 W au meilleur prix. Les haut-parleurs IGG316993 de la marque iggual sont la solution parfaite pour ceux qui recherchent un syst\u00e8me audio de qualit\u00e9 et [&hellip;]<\/p>\n","protected":false},"featured_media":69125,"comment_status":"open","ping_status":"closed","template":"","meta":{"_gspb_post_css":"","iawp_total_views":0},"product_brand":[],"product_cat":[906,182,886,887],"product_tag":[145,146],"class_list":{"0":"post-69126","1":"product","2":"type-product","3":"status-publish","4":"has-post-thumbnail","6":"product_cat-enceintes-pc","7":"product_cat-haut-parleurs","8":"product_cat-informatique-electronique","9":"product_cat-informatique-peripheriques-et-consommables","10":"product_tag-tag_933","11":"product_tag-tag_1295","13":"first","14":"instock","15":"taxable","16":"shipping-taxable","17":"purchasable","18":"product-type-simple"},"ct_brands":[],"_links":{"self":[{"href":"https:\/\/gamerdeer.com\/en\/wp-json\/wp\/v2\/product\/69126","targetHints":{"allow":["GET"]}}],"collection":[{"href":"https:\/\/gamerdeer.com\/en\/wp-json\/wp\/v2\/product"}],"about":[{"href":"https:\/\/gamerdeer.com\/en\/wp-json\/wp\/v2\/types\/product"}],"replies":[{"embeddable":true,"href":"https:\/\/gamerdeer.com\/en\/wp-json\/wp\/v2\/comments?post=69126"}],"wp:featuredmedia":[{"embeddable":true,"href":"https:\/\/gamerdeer.com\/en\/wp-json\/wp\/v2\/media\/69125"}],"wp:attachment":[{"href":"https:\/\/gamerdeer.com\/en\/wp-json\/wp\/v2\/media?parent=69126"}],"wp:term":[{"taxonomy":"product_brand","embeddable":true,"href":"https:\/\/gamerdeer.com\/en\/wp-json\/wp\/v2\/product_brand?post=69126"},{"taxonomy":"product_cat","embeddable":true,"href":"https:\/\/gamerdeer.com\/en\/wp-json\/wp\/v2\/product_cat?post=69126"},{"taxonomy":"product_tag","embeddable":true,"href":"https:\/\/gamerdeer.com\/en\/wp-json\/wp\/v2\/product_tag?post=69126"}],"curies":[{"name":"wp","href":"https:\/\/api.w.org\/{rel}","templated":true}]}}