{"id":68384,"date":"2026-03-17T01:28:20","date_gmt":"2026-03-17T00:28:20","guid":{"rendered":"https:\/\/gamerdeer.com\/produit\/manette-xbox-one-cable-pour-pc-xbox-ep2-29944-noir\/"},"modified":"2026-04-02T01:29:19","modified_gmt":"2026-04-02T00:29:19","slug":"manette-xbox-one-cable-pour-pc-xbox-ep2-29944-noir","status":"publish","type":"product","link":"https:\/\/gamerdeer.com\/en\/product\/manette-xbox-one-cable-pour-pc-xbox-ep2-29944-noir\/","title":{"rendered":"Xbox One Controller + XBOX PC Cable EP2-29944 Black"},"content":{"rendered":"<p>If you are passionate about\u2019<b>computer science and electronics<\/b>, If you're at the cutting edge of technology and you don't want to miss a thing, buy <b>Xbox One Controller + XBOX PC Cable EP2-29944 Black<\/b> at the best price.<\/p>\n<p>Le <b>Microsoft EP2-29944<\/b> est une <b>console de jeu portable<\/b> con\u00e7ue pour offrir une exp\u00e9rience de jeu polyvalente et compl\u00e8te sur plusieurs plateformes, dont Android, PC, Xbox One, Xbox Series S, Xbox Series X et iOS. Ce gamepad se distingue par sa double connectivit\u00e9, fonctionnant \u00e0 la fois <b>sans fil via Bluetooth<\/b> et avec un c\u00e2ble <b>USB type C<\/b>, garantissant une connexion stable et sans interruption dans tous les environnements de jeu. Son design ergonomique et sa finition en <b>black<\/b> assurent un confort lors de longues sessions, tandis que sa taille compacte et ses mat\u00e9riaux r\u00e9sistants font de l\u2019EP2-29944 un accessoire pratique et durable. Il dispose d\u2019une croix directionnelle pr\u00e9cise et d\u2019un <b>share button<\/b>, \u00e9l\u00e9ments cl\u00e9s pour un contr\u00f4le efficace et le partage instantan\u00e9 de contenus de jeu sans \u00e9quipement suppl\u00e9mentaire. Aliment\u00e9 par des piles <b>AA<\/b> ou directement via le c\u00e2ble, il offre une flexibilit\u00e9 d\u2019alimentation adapt\u00e9e aux besoins de l\u2019utilisateur. Compatible avec Windows 7, 8.1, 10 et 11, il maximise sa compatibilit\u00e9 avec les PC gaming, \u00e9tendant ses possibilit\u00e9s au-del\u00e0 des consoles Xbox. Avec un c\u00e2ble de <b>2,7 m\u00e8tres<\/b>, il facilite une utilisation confortable en connexion filaire, sans limiter les mouvements. Sa configuration en anglais et ses options sans fil et filaires en font une solution pratique pour les joueurs recherchant une manette fiable et multifonction, capable de s\u2019adapter \u00e0 divers appareils et styles de jeu. En r\u00e9sum\u00e9, le Microsoft EP2-29944 propose un bon \u00e9quilibre entre ergonomie, connectivit\u00e9 et compatibilit\u00e9, \u00e9tant une option adapt\u00e9e aux joueurs exigeant un contr\u00f4leur portable et polyvalent, garanti sur plusieurs plateformes.<\/p>\n<ul>\n<li>Longueur du c\u00e2ble: 2,3 m<\/li>\n<li>Type:\n<ul>\n<li>Wireless<\/li>\n<li>Manette de jeu<\/li>\n<li>Analogue\/Digital<\/li>\n<\/ul>\n<\/li>\n<li>Battery type: AA<\/li>\n<li>Battery operated: Yes<\/li>\n<li>Inclut: C\u00e2ble USB-C<\/li>\n<li>Colour: Black<\/li>\n<li>Dimensions approx.:\n<ul>\n<li>0 x 0 x 0 cm<\/li>\n<li>16 x 7 x 19 cm<\/li>\n<li>18 x 15 x 7 cm<\/li>\n<\/ul>\n<\/li>\n<li>Features:\n<ul>\n<li>Ergonomic<\/li>\n<li>Battery operated (2 AA, included)<\/li>\n<\/ul>\n<\/li>\n<li>Connections:\n<ul>\n<li>USB-C<\/li>\n<li>3.5 mm jack<\/li>\n<li>3.3 mm jack cable<\/li>\n<\/ul>\n<\/li>\n<li>Langue: Anglais<\/li>\n<li>Number of batteries: 2<\/li>\n<\/ul>","protected":false},"excerpt":{"rendered":"<p>Une manette Xbox One officielle avec son c\u00e2ble PC pour jouer sur console et PC. Compatibilit\u00e9 universelle et ergonomie Xbox l\u00e9gendaire.<\/p>","protected":false},"featured_media":68363,"comment_status":"open","ping_status":"closed","template":"","meta":{"_gspb_post_css":""},"product_brand":[],"product_cat":[846,899,886],"product_tag":[147],"class_list":{"0":"post-68384","1":"product","2":"type-product","3":"status-publish","4":"has-post-thumbnail","6":"product_cat-accessoires-pour-consoles","7":"product_cat-electronique-jouets-electroniques","8":"product_cat-informatique-electronique","9":"product_tag-tag_29","11":"first","12":"instock","13":"taxable","14":"shipping-taxable","15":"purchasable","16":"product-type-simple"},"ct_brands":[],"_links":{"self":[{"href":"https:\/\/gamerdeer.com\/en\/wp-json\/wp\/v2\/product\/68384","targetHints":{"allow":["GET"]}}],"collection":[{"href":"https:\/\/gamerdeer.com\/en\/wp-json\/wp\/v2\/product"}],"about":[{"href":"https:\/\/gamerdeer.com\/en\/wp-json\/wp\/v2\/types\/product"}],"replies":[{"embeddable":true,"href":"https:\/\/gamerdeer.com\/en\/wp-json\/wp\/v2\/comments?post=68384"}],"wp:featuredmedia":[{"embeddable":true,"href":"https:\/\/gamerdeer.com\/en\/wp-json\/wp\/v2\/media\/68363"}],"wp:attachment":[{"href":"https:\/\/gamerdeer.com\/en\/wp-json\/wp\/v2\/media?parent=68384"}],"wp:term":[{"taxonomy":"product_brand","embeddable":true,"href":"https:\/\/gamerdeer.com\/en\/wp-json\/wp\/v2\/product_brand?post=68384"},{"taxonomy":"product_cat","embeddable":true,"href":"https:\/\/gamerdeer.com\/en\/wp-json\/wp\/v2\/product_cat?post=68384"},{"taxonomy":"product_tag","embeddable":true,"href":"https:\/\/gamerdeer.com\/en\/wp-json\/wp\/v2\/product_tag?post=68384"}],"curies":[{"name":"wp","href":"https:\/\/api.w.org\/{rel}","templated":true}]}}