{"id":67725,"date":"2026-02-14T18:03:23","date_gmt":"2026-02-14T17:03:23","guid":{"rendered":"https:\/\/gamerdeer.com\/product\/support-de-table-decran-kensington-k52786ww\/"},"modified":"2026-04-16T13:12:37","modified_gmt":"2026-04-16T12:12:37","slug":"support-de-table-decran-kensington-k52786ww","status":"publish","type":"product","link":"https:\/\/gamerdeer.com\/en\/product\/support-de-table-decran-kensington-k52786ww\/","title":{"rendered":"Support de table d&#8217;\u00e9cran Kensington K52786WW"},"content":{"rendered":"<p>If you are passionate about\u2019<b>computer science and electronics<\/b>, If you're at the cutting edge of technology and you don't want to miss a thing, buy <b>Support de table d&#8217;\u00e9cran Kensington K52786WW            <\/b> at the best price.<\/p>\n<ul>\n<li>Poids Max. support\u00e9: 36 kg<\/li>\n<li>Compatible: \u00c9cran<\/li>\n<li>Ecran: 24&#8243;<\/li>\n<li>Type: Support<\/li>\n<li>Colour: Black<\/li>\n<li>Features:\n<ul>\n<li>Adjustable height<\/li>\n<li>Adjustable<\/li>\n<\/ul>\n<\/li>\n<li>Type d&#8217;installation: Bureau<\/li>\n<li>Montage: Ind\u00e9pendant<\/li>\n<li>Rapport d&#8217;aspect: 16:9<\/li>\n<li>Diagonale de l&#8217;\u00e9cran (cm): 61 cm<\/li>\n<\/ul>","protected":false},"excerpt":{"rendered":"<p>Un support de table Kensington qui tient tes \u00e9crans 24 pouces comme un roc, jusqu&#8217;\u00e0 36 kg de matos sans broncher. Ton setup va enfin avoir la classe qu&#8217;il m\u00e9rite.<\/p>","protected":false},"featured_media":67723,"comment_status":"open","ping_status":"closed","template":"","meta":{"_gspb_post_css":"","iawp_total_views":0},"product_brand":[],"product_cat":[886,887,893,1317],"product_tag":[973,146],"class_list":{"0":"post-67725","1":"product","2":"type-product","3":"status-publish","4":"has-post-thumbnail","6":"product_cat-informatique-electronique","7":"product_cat-informatique-peripheriques-et-consommables","8":"product_cat-supports","9":"product_cat-supports-pour-ecrans","10":"product_tag-chambre-gamer","11":"product_tag-tag_1295","13":"first","14":"instock","15":"taxable","16":"shipping-taxable","17":"purchasable","18":"product-type-simple"},"ct_brands":[],"_links":{"self":[{"href":"https:\/\/gamerdeer.com\/en\/wp-json\/wp\/v2\/product\/67725","targetHints":{"allow":["GET"]}}],"collection":[{"href":"https:\/\/gamerdeer.com\/en\/wp-json\/wp\/v2\/product"}],"about":[{"href":"https:\/\/gamerdeer.com\/en\/wp-json\/wp\/v2\/types\/product"}],"replies":[{"embeddable":true,"href":"https:\/\/gamerdeer.com\/en\/wp-json\/wp\/v2\/comments?post=67725"}],"wp:featuredmedia":[{"embeddable":true,"href":"https:\/\/gamerdeer.com\/en\/wp-json\/wp\/v2\/media\/67723"}],"wp:attachment":[{"href":"https:\/\/gamerdeer.com\/en\/wp-json\/wp\/v2\/media?parent=67725"}],"wp:term":[{"taxonomy":"product_brand","embeddable":true,"href":"https:\/\/gamerdeer.com\/en\/wp-json\/wp\/v2\/product_brand?post=67725"},{"taxonomy":"product_cat","embeddable":true,"href":"https:\/\/gamerdeer.com\/en\/wp-json\/wp\/v2\/product_cat?post=67725"},{"taxonomy":"product_tag","embeddable":true,"href":"https:\/\/gamerdeer.com\/en\/wp-json\/wp\/v2\/product_tag?post=67725"}],"curies":[{"name":"wp","href":"https:\/\/api.w.org\/{rel}","templated":true}]}}