{"id":67711,"date":"2026-02-14T18:03:10","date_gmt":"2026-02-14T17:03:10","guid":{"rendered":"https:\/\/gamerdeer.com\/product\/base-startech-monstadjdl-32-13-noir\/"},"modified":"2026-04-16T13:12:37","modified_gmt":"2026-04-16T12:12:37","slug":"base-startech-monstadjdl-32-13-noir","status":"publish","type":"product","link":"https:\/\/gamerdeer.com\/en\/product\/base-startech-monstadjdl-32-13-noir\/","title":{"rendered":"Startech Base MONSTADJDL 32\u2033 13\u2033 Black"},"content":{"rendered":"<p>If you are passionate about\u2019<b>computer science and electronics<\/b>, If you're at the cutting edge of technology and you don't want to miss a thing, buy <b>Startech Base MONSTADJDL 32\u2033 13\u2033 Black<\/b> at the best price.<\/p>\n<ul>\n<li>Compatible: \u00c9cran<\/li>\n<li>Type: Base<\/li>\n<li>Tiroirs: 1 tiroir<\/li>\n<li>Colour: Black<\/li>\n<li>Width:\n<ul>\n<li>330 mm<\/li>\n<li>33 cm<\/li>\n<\/ul>\n<\/li>\n<li>Features:\n<ul>\n<li>Adjustable height<\/li>\n<li>Adjustable<\/li>\n<\/ul>\n<\/li>\n<li>Type d&#8217;installation: Bureau<\/li>\n<li>Ecran:\n<ul>\n<li>32&#8243;<\/li>\n<li>13&#8243;<\/li>\n<\/ul>\n<\/li>\n<li>Montage: Ind\u00e9pendant<\/li>\n<li>Poids Max. support\u00e9: 10 kg<\/li>\n<li>Material: Plastic<\/li>\n<li>Ann\u00e9e: 2017<\/li>\n<li>Shape: Rectangular<\/li>\n<li>Connexions: SATA<\/li>\n<li>Certificat: RoHS<\/li>\n<li>Poids: 1,64 kg<\/li>\n<li>Includes: User manual<\/li>\n<li>Longueur: 16,8 cm<\/li>\n<\/ul>","protected":false},"excerpt":{"rendered":"<p>Une base solide pour ton \u00e9cran avec tiroir int\u00e9gr\u00e9, compatible 13&#8243; \u00e0 32&#8243;. De quoi ranger tes c\u00e2bles et sur\u00e9lever ton setup proprement.<\/p>","protected":false},"featured_media":67708,"comment_status":"open","ping_status":"closed","template":"","meta":{"_gspb_post_css":"","iawp_total_views":0},"product_brand":[],"product_cat":[886,887,893,1317],"product_tag":[146],"class_list":{"0":"post-67711","1":"product","2":"type-product","3":"status-publish","4":"has-post-thumbnail","6":"product_cat-informatique-electronique","7":"product_cat-informatique-peripheriques-et-consommables","8":"product_cat-supports","9":"product_cat-supports-pour-ecrans","10":"product_tag-tag_1295","12":"first","13":"instock","14":"taxable","15":"shipping-taxable","16":"purchasable","17":"product-type-simple"},"ct_brands":[],"_links":{"self":[{"href":"https:\/\/gamerdeer.com\/en\/wp-json\/wp\/v2\/product\/67711","targetHints":{"allow":["GET"]}}],"collection":[{"href":"https:\/\/gamerdeer.com\/en\/wp-json\/wp\/v2\/product"}],"about":[{"href":"https:\/\/gamerdeer.com\/en\/wp-json\/wp\/v2\/types\/product"}],"replies":[{"embeddable":true,"href":"https:\/\/gamerdeer.com\/en\/wp-json\/wp\/v2\/comments?post=67711"}],"wp:featuredmedia":[{"embeddable":true,"href":"https:\/\/gamerdeer.com\/en\/wp-json\/wp\/v2\/media\/67708"}],"wp:attachment":[{"href":"https:\/\/gamerdeer.com\/en\/wp-json\/wp\/v2\/media?parent=67711"}],"wp:term":[{"taxonomy":"product_brand","embeddable":true,"href":"https:\/\/gamerdeer.com\/en\/wp-json\/wp\/v2\/product_brand?post=67711"},{"taxonomy":"product_cat","embeddable":true,"href":"https:\/\/gamerdeer.com\/en\/wp-json\/wp\/v2\/product_cat?post=67711"},{"taxonomy":"product_tag","embeddable":true,"href":"https:\/\/gamerdeer.com\/en\/wp-json\/wp\/v2\/product_tag?post=67711"}],"curies":[{"name":"wp","href":"https:\/\/api.w.org\/{rel}","templated":true}]}}