{"id":67636,"date":"2026-02-11T00:48:32","date_gmt":"2026-02-10T23:48:32","guid":{"rendered":"https:\/\/gamerdeer.com\/product\/clavier-pour-jeu-the-g-lab-keyz-titan-noir-azerty\/"},"modified":"2026-04-16T21:29:06","modified_gmt":"2026-04-16T20:29:06","slug":"the-g-lab-keyz-titan-black-azerty-gaming-keyboard","status":"publish","type":"product","link":"https:\/\/gamerdeer.com\/en\/product\/the-g-lab-keyz-titan-black-azerty-gaming-keyboard\/","title":{"rendered":"The G-Lab Keyz Titan Mechanical Gaming Keyboard (Black) - Wired 65% QWERTY"},"content":{"rendered":"<p>Want to get straight to the point without sacrificing performance? The G-Lab Keyz Titan mechanical keyboard is forged for victory. With its ultra-compact format, it gets rid of the superfluous to offer you a monstrous saving of space on your desk, leaving you all the amplitude you need for your mouse movements. Equipped with red switches (Outemu Red) designed for linear, ultra-responsive typing, this keyboard gives you surgical speed in full combat without having to press the key all the way down. And with its 18-mode RGB backlighting, you can illuminate your setup in the colours of your pack while keeping the installation clean and minimalist.<\/p>\n<h3>Why the pack loves him:<\/h3>\n<ul>\n<li><strong>The compact format:<\/strong> This keyboard is straight to the point, with ultra-slim dimensions of just 311 mm wide. It's the ultimate format for gaming or sleek desktops.<\/li>\n<li><strong>Outemu Red switches :<\/strong> The switches are mechanical, linear and highly responsive. You don't have to press the key all the way down to trigger the action, which makes the keyboard particularly effective and boosts your actions per minute.<\/li>\n<li><strong>100% Anti-Ghosting :<\/strong> Thanks to Total N-Key Rollover (NKRO), you can press all the keys simultaneously without losing any signal, so you don't inadvertently launch any actions.<\/li>\n<li><strong>Extensive customisation :<\/strong> You get 18 RGB backlight modes, 12 multimedia shortcuts, Windows Lock and dedicated software for setting up the keyboard.<\/li>\n<li><strong>Solid and stable :<\/strong> Weighing in at just 586 grams, it won't budge a millimetre during your toughest sessions.<\/li>\n<\/ul>\n<h3>Technical specs :<\/h3>\n<ul>\n<li><strong>Brand :<\/strong> The G-Lab.<\/li>\n<li><strong>Model :<\/strong> Keyz Titan (Black).<\/li>\n<li><strong>Format:<\/strong> Compact (65%).<\/li>\n<li><strong>Type of switch :<\/strong> Mechanical (Outemu Red - Linear).<\/li>\n<li><strong>Login :<\/strong> Wired (1.6 m cable).<\/li>\n<li><strong>Layout:<\/strong> AZERTY (French).<\/li>\n<li><strong>Backlighting :<\/strong> RGB (18 customisable modes).<\/li>\n<li><strong>Dimensions :<\/strong> 311 x 102 x 37.5 mm.<\/li>\n<li><strong>Weight :<\/strong> 586 g.<\/li>\n<\/ul>","protected":false},"excerpt":{"rendered":"<p>Un format 65% ultra-compact qui lib\u00e8re ton bureau sans sacrifier les touches essentielles. Switches m\u00e9caniques qui r\u00e9pondent au doigt et \u00e0 l&#8217;\u0153il pour tes combos les plus techniques.<\/p>","protected":false},"featured_media":67631,"comment_status":"open","ping_status":"closed","template":"","meta":{"_gspb_post_css":""},"product_brand":[],"product_cat":[896,843,886,890,985],"product_tag":[148,147],"class_list":{"0":"post-67636","1":"product","2":"type-product","3":"status-publish","4":"has-post-thumbnail","6":"product_cat-claviers-de-jeu","7":"product_cat-claviers-gaming","8":"product_cat-informatique-electronique","9":"product_cat-informatique-gaming","10":"product_cat-peripheriques-accessories","11":"product_tag-tag_1304","12":"product_tag-tag_29","14":"first","15":"instock","16":"taxable","17":"shipping-taxable","18":"purchasable","19":"product-type-simple"},"ct_brands":[],"_links":{"self":[{"href":"https:\/\/gamerdeer.com\/en\/wp-json\/wp\/v2\/product\/67636","targetHints":{"allow":["GET"]}}],"collection":[{"href":"https:\/\/gamerdeer.com\/en\/wp-json\/wp\/v2\/product"}],"about":[{"href":"https:\/\/gamerdeer.com\/en\/wp-json\/wp\/v2\/types\/product"}],"replies":[{"embeddable":true,"href":"https:\/\/gamerdeer.com\/en\/wp-json\/wp\/v2\/comments?post=67636"}],"wp:featuredmedia":[{"embeddable":true,"href":"https:\/\/gamerdeer.com\/en\/wp-json\/wp\/v2\/media\/67631"}],"wp:attachment":[{"href":"https:\/\/gamerdeer.com\/en\/wp-json\/wp\/v2\/media?parent=67636"}],"wp:term":[{"taxonomy":"product_brand","embeddable":true,"href":"https:\/\/gamerdeer.com\/en\/wp-json\/wp\/v2\/product_brand?post=67636"},{"taxonomy":"product_cat","embeddable":true,"href":"https:\/\/gamerdeer.com\/en\/wp-json\/wp\/v2\/product_cat?post=67636"},{"taxonomy":"product_tag","embeddable":true,"href":"https:\/\/gamerdeer.com\/en\/wp-json\/wp\/v2\/product_tag?post=67636"}],"curies":[{"name":"wp","href":"https:\/\/api.w.org\/{rel}","templated":true}]}}