{"id":67235,"date":"2026-01-25T22:44:29","date_gmt":"2026-01-25T21:44:29","guid":{"rendered":"https:\/\/gamerdeer.com\/product\/souris-sans-fil-turtle-beach-kone-xp-air-blanc\/"},"modified":"2026-04-06T22:09:18","modified_gmt":"2026-04-06T21:09:18","slug":"souris-sans-fil-turtle-beach-kone-xp-air-blanc","status":"publish","type":"product","link":"https:\/\/gamerdeer.com\/en\/product\/souris-sans-fil-turtle-beach-kone-xp-air-blanc\/","title":{"rendered":"Turtle Beach Kone XP Air Wireless Mouse White"},"content":{"rendered":"<p>If you are passionate about\u2019<b>computer science and electronics<\/b>, If you're at the cutting edge of technology and you don't want to miss a thing, buy <b>Turtle Beach Kone XP Air Wireless Mouse White<\/b> at the best price.<\/p>\n<ul>\n<li>Type: Souris sans-fil<\/li>\n<li>Colour: White<\/li>\n<li>Type de batterie: Rechargeable<\/li>\n<li>Langue: Anglais<\/li>\n<li>Battery operated: Yes<\/li>\n<li>Design: Ergonomic<\/li>\n<li>Cable length: 1.8 m<\/li>\n<li>Illumination: Multicouleur<\/li>\n<li>Technology: Optical<\/li>\n<li>Utilisation recommand\u00e9e: Jeux<\/li>\n<li>Fonctions: Programmable<\/li>\n<li>M\u00e9moire: Oui<\/li>\n<li>Autonomie approx.: 100heures<\/li>\n<li>Facteur de forme: main droite<\/li>\n<li>Connexions: USB-A &#8211; USB-C<\/li>\n<\/ul>","protected":false},"excerpt":{"rendered":"<p>Si vous \u00eates passionn\u00e9 d&#8217;informatique et d&#8217;\u00e9lectronique, si vous \u00eates \u00e0 la pointe de la technologie et qu&#8217;aucun d\u00e9tail ne vous \u00e9chappe, achetez Souris sans-fil Turtle Beach Kone XP Air Blanc au meilleur prix. Type: Souris sans-fil Couleur: Blanc Type de batterie: Rechargeable Langue: Anglais Fonctionne \u00e0 piles: Oui Design: Ergonomique Longueur du c\u00e2ble: 1,8 [&hellip;]<\/p>\n","protected":false},"featured_media":67229,"comment_status":"open","ping_status":"closed","template":"","meta":{"_gspb_post_css":""},"product_brand":[],"product_cat":[886,890,183],"product_tag":[148,147],"class_list":{"0":"post-67235","1":"product","2":"type-product","3":"status-publish","4":"has-post-thumbnail","6":"product_cat-informatique-electronique","7":"product_cat-informatique-gaming","8":"product_cat-souris-et-gaming-mouse","9":"product_tag-tag_1304","10":"product_tag-tag_29","12":"first","13":"instock","14":"taxable","15":"shipping-taxable","16":"purchasable","17":"product-type-simple"},"ct_brands":[],"_links":{"self":[{"href":"https:\/\/gamerdeer.com\/en\/wp-json\/wp\/v2\/product\/67235","targetHints":{"allow":["GET"]}}],"collection":[{"href":"https:\/\/gamerdeer.com\/en\/wp-json\/wp\/v2\/product"}],"about":[{"href":"https:\/\/gamerdeer.com\/en\/wp-json\/wp\/v2\/types\/product"}],"replies":[{"embeddable":true,"href":"https:\/\/gamerdeer.com\/en\/wp-json\/wp\/v2\/comments?post=67235"}],"wp:featuredmedia":[{"embeddable":true,"href":"https:\/\/gamerdeer.com\/en\/wp-json\/wp\/v2\/media\/67229"}],"wp:attachment":[{"href":"https:\/\/gamerdeer.com\/en\/wp-json\/wp\/v2\/media?parent=67235"}],"wp:term":[{"taxonomy":"product_brand","embeddable":true,"href":"https:\/\/gamerdeer.com\/en\/wp-json\/wp\/v2\/product_brand?post=67235"},{"taxonomy":"product_cat","embeddable":true,"href":"https:\/\/gamerdeer.com\/en\/wp-json\/wp\/v2\/product_cat?post=67235"},{"taxonomy":"product_tag","embeddable":true,"href":"https:\/\/gamerdeer.com\/en\/wp-json\/wp\/v2\/product_tag?post=67235"}],"curies":[{"name":"wp","href":"https:\/\/api.w.org\/{rel}","templated":true}]}}