{"id":67214,"date":"2026-01-25T22:44:10","date_gmt":"2026-01-25T21:44:10","guid":{"rendered":"https:\/\/gamerdeer.com\/product\/souris-optique-turtle-beach-kone-ii-noir-26000-dpi\/"},"modified":"2026-03-27T13:28:21","modified_gmt":"2026-03-27T12:28:21","slug":"souris-optique-turtle-beach-kone-ii-noir-26000-dpi","status":"publish","type":"product","link":"https:\/\/gamerdeer.com\/en\/product\/souris-optique-turtle-beach-kone-ii-noir-26000-dpi\/","title":{"rendered":"Turtle Beach Kone II Black 26000 DPI Optical Mouse"},"content":{"rendered":"<p>If you are passionate about\u2019<b>computer science and electronics<\/b>, If you're at the cutting edge of technology and you don't want to miss a thing, buy <b>Turtle Beach Kone II Black 26000 DPI Optical Mouse<\/b> at the best price.<\/p>\n<ul>\n<li>Colour: Black<\/li>\n<li>Mati\u00e8re: PTFE<\/li>\n<li>Caract\u00e9ristiques: Avec c\u00e2ble<\/li>\n<li>Connections: USB<\/li>\n<li>Power supply: wired<\/li>\n<li>Design: Ergonomic<\/li>\n<li>Cable length: 1.8 m<\/li>\n<li>Illumination: Multicouleur<\/li>\n<li>Technology: Optical<\/li>\n<li>Utilisation recommand\u00e9e: Jeux<\/li>\n<li>Fonctions: Programmable<\/li>\n<li>M\u00e9moire: Oui<\/li>\n<li>Compatible: PC<\/li>\n<li>Facteur de forme: main droite<\/li>\n<li>Mouvement: Personnalisable<\/li>\n<li>Includes: User manual<\/li>\n<li>R\u00e9solution: 26000 DPI<\/li>\n<\/ul>","protected":false},"excerpt":{"rendered":"<p>Si vous \u00eates passionn\u00e9 d&#8217;informatique et d&#8217;\u00e9lectronique, si vous \u00eates \u00e0 la pointe de la technologie et qu&#8217;aucun d\u00e9tail ne vous \u00e9chappe, achetez Souris Optique Turtle Beach Kone II Noir 26000 DPI au meilleur prix. Couleur: Noir Mati\u00e8re: PTFE Caract\u00e9ristiques: Avec c\u00e2ble Connexions: USB Bloc d\u2019Alimentation: Avec fil Design: Ergonomique Longueur du c\u00e2ble: 1,8 m [&hellip;]<\/p>\n","protected":false},"featured_media":67208,"comment_status":"open","ping_status":"closed","template":"","meta":{"_gspb_post_css":""},"product_brand":[],"product_cat":[886,887,985,1058,888],"product_tag":[145,148,146],"class_list":{"0":"post-67214","1":"product","2":"type-product","3":"status-publish","4":"has-post-thumbnail","6":"product_cat-informatique-electronique","7":"product_cat-informatique-peripheriques-et-consommables","8":"product_cat-peripheriques-accessories","9":"product_cat-gamingmouse","10":"product_cat-tapis-de-souris-et-la-souris","11":"product_tag-tag_933","12":"product_tag-tag_1304","13":"product_tag-tag_1295","15":"first","16":"instock","17":"taxable","18":"shipping-taxable","19":"purchasable","20":"product-type-simple"},"ct_brands":[],"_links":{"self":[{"href":"https:\/\/gamerdeer.com\/en\/wp-json\/wp\/v2\/product\/67214","targetHints":{"allow":["GET"]}}],"collection":[{"href":"https:\/\/gamerdeer.com\/en\/wp-json\/wp\/v2\/product"}],"about":[{"href":"https:\/\/gamerdeer.com\/en\/wp-json\/wp\/v2\/types\/product"}],"replies":[{"embeddable":true,"href":"https:\/\/gamerdeer.com\/en\/wp-json\/wp\/v2\/comments?post=67214"}],"wp:featuredmedia":[{"embeddable":true,"href":"https:\/\/gamerdeer.com\/en\/wp-json\/wp\/v2\/media\/67208"}],"wp:attachment":[{"href":"https:\/\/gamerdeer.com\/en\/wp-json\/wp\/v2\/media?parent=67214"}],"wp:term":[{"taxonomy":"product_brand","embeddable":true,"href":"https:\/\/gamerdeer.com\/en\/wp-json\/wp\/v2\/product_brand?post=67214"},{"taxonomy":"product_cat","embeddable":true,"href":"https:\/\/gamerdeer.com\/en\/wp-json\/wp\/v2\/product_cat?post=67214"},{"taxonomy":"product_tag","embeddable":true,"href":"https:\/\/gamerdeer.com\/en\/wp-json\/wp\/v2\/product_tag?post=67214"}],"curies":[{"name":"wp","href":"https:\/\/api.w.org\/{rel}","templated":true}]}}