{"id":66607,"date":"2026-01-12T16:55:02","date_gmt":"2026-01-12T15:55:02","guid":{"rendered":"https:\/\/gamerdeer.com\/product\/figurine-daction-spider-man-venomversus-27cm\/"},"modified":"2026-04-16T13:12:34","modified_gmt":"2026-04-16T12:12:34","slug":"figurine-daction-spider-man-venomversus-27cm","status":"publish","type":"product","link":"https:\/\/gamerdeer.com\/en\/product\/figurine-daction-spider-man-venomversus-27cm\/","title":{"rendered":"Spider-Man Venomversus action figure 27cm"},"content":{"rendered":"<p>Children deserve the best, so we're bringing you <b>Spider-Man Venomversus action figure 27cm<\/b>, ideal for those looking for quality products for the little ones! Get <b>Spider-Man<\/b> at the best prices!<\/p>\n<ul>\n<li>Colour:\n<ul>\n<li>Multicolour<\/li>\n<li>Black<\/li>\n<\/ul>\n<\/li>\n<li>Recommended age:\n<ul>\n<li>+ 4 years<\/li>\n<li>+ 3 years<\/li>\n<\/ul>\n<\/li>\n<li>Inclut: Accessoires x 6<\/li>\n<li>Dimensions approx.: 27cm<\/li>\n<li>Material: Plastic<\/li>\n<li>Genre: Enfant<\/li>\n<li>Langue: ES-EN<\/li>\n<\/ul>\n<p>Avertissements: Utilisation r\u00e9serv\u00e9e aux enfants de plus de 36 mois. Contient de petites pi\u00e8ces. Risque d\u2019asphyxie.<\/p>","protected":false},"excerpt":{"rendered":"<p>Spider-Man Venomversus en 27cm de pur d\u00e9tail, parfait pour refaire les combats \u00e9piques du multiverse sur ton bureau ou offrir \u00e0 un futur gamer.<\/p>","protected":false},"featured_media":66587,"comment_status":"open","ping_status":"closed","template":"","meta":{"_gspb_post_css":"","iawp_total_views":0},"product_brand":[],"product_cat":[903,1608,901,902],"product_tag":[152,751,752],"class_list":{"0":"post-66607","1":"product","2":"type-product","3":"status-publish","4":"has-post-thumbnail","6":"product_cat-figurines-d-action","7":"product_cat-figurines-daction-figurines-merch-goodies","8":"product_cat-jouets-deguisements","9":"product_cat-jouets-et-jeux","10":"product_tag-tag_1275","11":"product_tag-frontpage","12":"product_tag-tag_36","14":"first","15":"instock","16":"featured","17":"taxable","18":"shipping-taxable","19":"purchasable","20":"product-type-simple"},"ct_brands":[],"_links":{"self":[{"href":"https:\/\/gamerdeer.com\/en\/wp-json\/wp\/v2\/product\/66607","targetHints":{"allow":["GET"]}}],"collection":[{"href":"https:\/\/gamerdeer.com\/en\/wp-json\/wp\/v2\/product"}],"about":[{"href":"https:\/\/gamerdeer.com\/en\/wp-json\/wp\/v2\/types\/product"}],"replies":[{"embeddable":true,"href":"https:\/\/gamerdeer.com\/en\/wp-json\/wp\/v2\/comments?post=66607"}],"wp:featuredmedia":[{"embeddable":true,"href":"https:\/\/gamerdeer.com\/en\/wp-json\/wp\/v2\/media\/66587"}],"wp:attachment":[{"href":"https:\/\/gamerdeer.com\/en\/wp-json\/wp\/v2\/media?parent=66607"}],"wp:term":[{"taxonomy":"product_brand","embeddable":true,"href":"https:\/\/gamerdeer.com\/en\/wp-json\/wp\/v2\/product_brand?post=66607"},{"taxonomy":"product_cat","embeddable":true,"href":"https:\/\/gamerdeer.com\/en\/wp-json\/wp\/v2\/product_cat?post=66607"},{"taxonomy":"product_tag","embeddable":true,"href":"https:\/\/gamerdeer.com\/en\/wp-json\/wp\/v2\/product_tag?post=66607"}],"curies":[{"name":"wp","href":"https:\/\/api.w.org\/{rel}","templated":true}]}}