{"id":66570,"date":"2026-01-12T16:54:19","date_gmt":"2026-01-12T15:54:19","guid":{"rendered":"https:\/\/gamerdeer.com\/product\/figurine-daction-spin-master-batman\/"},"modified":"2026-04-16T21:39:09","modified_gmt":"2026-04-16T20:39:09","slug":"figurine-daction-spin-master-batman","status":"publish","type":"product","link":"https:\/\/gamerdeer.com\/en\/product\/figurine-daction-spin-master-batman\/","title":{"rendered":"Figurine d\u2019action Spin Master Batman"},"content":{"rendered":"<p>Children deserve the best, so we're bringing you <b>Figurine d\u2019action Spin Master Batman<\/b>, ideal for those looking for quality products for the little ones! Get <b>Spin Master<\/b> at the best prices!<\/p>\n<ul>\n<li>Type: Personnage articul\u00e9<\/li>\n<li>Mat\u00e9riel: Plastique<\/li>\n<li>Langue: Anglais<\/li>\n<li>Recommended age: + 3 years<\/li>\n<\/ul>","protected":false},"excerpt":{"rendered":"<p>Une figurine Batman articul\u00e9e en plastique qui r\u00e9siste aux sessions de jeu les plus intenses. Parfait pour recr\u00e9er tes sc\u00e8nes pr\u00e9f\u00e9r\u00e9es de Gotham.<\/p>","protected":false},"featured_media":66565,"comment_status":"open","ping_status":"closed","template":"","meta":{"_gspb_post_css":"","iawp_total_views":0},"product_brand":[],"product_cat":[903,1608,901,902],"product_tag":[152,148],"class_list":{"0":"post-66570","1":"product","2":"type-product","3":"status-publish","4":"has-post-thumbnail","6":"product_cat-figurines-d-action","7":"product_cat-figurines-daction-figurines-merch-goodies","8":"product_cat-jouets-deguisements","9":"product_cat-jouets-et-jeux","10":"product_tag-tag_1275","11":"product_tag-tag_1304","13":"first","14":"instock","15":"taxable","16":"shipping-taxable","17":"purchasable","18":"product-type-simple"},"ct_brands":[],"_links":{"self":[{"href":"https:\/\/gamerdeer.com\/en\/wp-json\/wp\/v2\/product\/66570","targetHints":{"allow":["GET"]}}],"collection":[{"href":"https:\/\/gamerdeer.com\/en\/wp-json\/wp\/v2\/product"}],"about":[{"href":"https:\/\/gamerdeer.com\/en\/wp-json\/wp\/v2\/types\/product"}],"replies":[{"embeddable":true,"href":"https:\/\/gamerdeer.com\/en\/wp-json\/wp\/v2\/comments?post=66570"}],"wp:featuredmedia":[{"embeddable":true,"href":"https:\/\/gamerdeer.com\/en\/wp-json\/wp\/v2\/media\/66565"}],"wp:attachment":[{"href":"https:\/\/gamerdeer.com\/en\/wp-json\/wp\/v2\/media?parent=66570"}],"wp:term":[{"taxonomy":"product_brand","embeddable":true,"href":"https:\/\/gamerdeer.com\/en\/wp-json\/wp\/v2\/product_brand?post=66570"},{"taxonomy":"product_cat","embeddable":true,"href":"https:\/\/gamerdeer.com\/en\/wp-json\/wp\/v2\/product_cat?post=66570"},{"taxonomy":"product_tag","embeddable":true,"href":"https:\/\/gamerdeer.com\/en\/wp-json\/wp\/v2\/product_tag?post=66570"}],"curies":[{"name":"wp","href":"https:\/\/api.w.org\/{rel}","templated":true}]}}