{"id":66159,"date":"2025-12-31T13:33:04","date_gmt":"2025-12-31T12:33:04","guid":{"rendered":"https:\/\/gamerdeer.com\/product\/nintendo-switch-lite-nintendo-10002292-55-lcd-32-gb-wifi-turquoise\/"},"modified":"2026-03-30T13:41:33","modified_gmt":"2026-03-30T12:41:33","slug":"nintendo-switch-lite-nintendo-10002292-55-lcd-32-gb-wifi-turquoise","status":"publish","type":"product","link":"https:\/\/gamerdeer.com\/en\/product\/nintendo-switch-lite-nintendo-10002292-55-lcd-32-gb-wifi-turquoise\/","title":{"rendered":"Nintendo Switch Lite Nintendo 10002292 5,5&#8243; LCD 32 GB WiFi Turquoise"},"content":{"rendered":"<p>If you are passionate about\u2019<b>computer science and electronics<\/b>, If you're at the cutting edge of technology and you don't want to miss a thing, buy <b>Nintendo Switch Lite Nintendo 10002292 5,5&#8243; LCD 32 GB WiFi Turquoise<\/b> at the best price.<\/p>\n<ul>\n<li>Ecran: 5,2&#8243;<\/li>\n<li>Contr\u00f4leur graphique: Tegra NVIDIA<\/li>\n<li>Connectivit\u00e9:\n<ul>\n<li>Bluetooth 4.1<\/li>\n<li>NFC<\/li>\n<li>Wi-Fi<\/li>\n<li>Bluetooth<\/li>\n<\/ul>\n<\/li>\n<li>Cartes M\u00e9moire Compatibles:\n<ul>\n<li>Micro SD<\/li>\n<li>MicroSD (TransFlash),MicroSDHC,MicroSDXC<\/li>\n<\/ul>\n<\/li>\n<li>Capteurs:\n<ul>\n<li>Acc\u00e9l\u00e9rom\u00e8tre<\/li>\n<li>Gyroscope<\/li>\n<\/ul>\n<\/li>\n<li>Batterie au lithium rechargeable: 3570 mAh<\/li>\n<li>Temps de charge approx.: 3 heures<\/li>\n<li>Dimensions approx.: 20,8 x 9,1 x 1,39 cm<\/li>\n<li>R\u00e9solution (px): 1280 x 720 px<\/li>\n<li>Fonctions: Acc\u00e9l\u00e9rom\u00e8tre<\/li>\n<li>Technologie:\n<ul>\n<li>LCD<\/li>\n<li>Capacitive<\/li>\n<\/ul>\n<\/li>\n<li>Autonomie approx.: 6 heures<\/li>\n<li>Pays \/ r\u00e9gion de fabrication: Espagne<\/li>\n<li>Couleur: Turquoise<\/li>\n<li>Features:\n<ul>\n<li>\u00c9cran LCD<\/li>\n<li>Ecran tactile<\/li>\n<li>Lecteur de Cartes<\/li>\n<\/ul>\n<\/li>\n<li>Connections:\n<ul>\n<li>USB<\/li>\n<li>USB-C<\/li>\n<li>3.5 mm jack<\/li>\n<\/ul>\n<\/li>\n<li>Rapport d&#8217;aspect: 16:9<\/li>\n<li>Contr\u00f4le: Boutons<\/li>\n<li>Manuel d\u2019utilisation: Italien<\/li>\n<li>Taille maximale de la carte m\u00e9moire: 2 TB<\/li>\n<li>Pr\u00e9cision (humidit\u00e9 relative): 20 % &#8211; 80 %<\/li>\n<li>Battery type: Litio Ion<\/li>\n<li>Diagonale de l&#8217;\u00e9cran (cm): 14 cm<\/li>\n<\/ul>","protected":false},"excerpt":{"rendered":"<p>La Switch Lite qui tient dans tes mains avec son \u00e9cran 5,5&#8243; et ses 32 GB pour ta ludoth\u00e8que portable. Gaming nomade sans compromis, couleur turquoise qui claque.<\/p>","protected":false},"featured_media":66158,"comment_status":"open","ping_status":"closed","template":"","meta":{"_gspb_post_css":""},"product_brand":[],"product_cat":[223,899,886],"product_tag":[148,147],"class_list":{"0":"post-66159","1":"product","2":"type-product","3":"status-publish","4":"has-post-thumbnail","6":"product_cat-consoles","7":"product_cat-electronique-jouets-electroniques","8":"product_cat-informatique-electronique","9":"product_tag-tag_1304","10":"product_tag-tag_29","12":"first","13":"instock","14":"taxable","15":"shipping-taxable","16":"purchasable","17":"product-type-simple"},"ct_brands":[],"_links":{"self":[{"href":"https:\/\/gamerdeer.com\/en\/wp-json\/wp\/v2\/product\/66159","targetHints":{"allow":["GET"]}}],"collection":[{"href":"https:\/\/gamerdeer.com\/en\/wp-json\/wp\/v2\/product"}],"about":[{"href":"https:\/\/gamerdeer.com\/en\/wp-json\/wp\/v2\/types\/product"}],"replies":[{"embeddable":true,"href":"https:\/\/gamerdeer.com\/en\/wp-json\/wp\/v2\/comments?post=66159"}],"wp:featuredmedia":[{"embeddable":true,"href":"https:\/\/gamerdeer.com\/en\/wp-json\/wp\/v2\/media\/66158"}],"wp:attachment":[{"href":"https:\/\/gamerdeer.com\/en\/wp-json\/wp\/v2\/media?parent=66159"}],"wp:term":[{"taxonomy":"product_brand","embeddable":true,"href":"https:\/\/gamerdeer.com\/en\/wp-json\/wp\/v2\/product_brand?post=66159"},{"taxonomy":"product_cat","embeddable":true,"href":"https:\/\/gamerdeer.com\/en\/wp-json\/wp\/v2\/product_cat?post=66159"},{"taxonomy":"product_tag","embeddable":true,"href":"https:\/\/gamerdeer.com\/en\/wp-json\/wp\/v2\/product_tag?post=66159"}],"curies":[{"name":"wp","href":"https:\/\/api.w.org\/{rel}","templated":true}]}}