{"id":66135,"date":"2025-12-31T07:39:40","date_gmt":"2025-12-31T06:39:40","guid":{"rendered":"https:\/\/gamerdeer.com\/product\/cable-usb-nintendo-10015096-noir-15-m\/"},"modified":"2026-04-16T13:12:35","modified_gmt":"2026-04-16T12:12:35","slug":"adaptateur-secteur-nintendo-switch-2-15m-usb-c","status":"publish","type":"product","link":"https:\/\/gamerdeer.com\/en\/product\/adaptateur-secteur-nintendo-switch-2-15m-usb-c\/","title":{"rendered":"Nintendo Switch 2 power adapter - 1.5m - USB-C"},"content":{"rendered":"<ul>\n<li>Colour: Black<\/li>\n<li>Connections: USB-C<\/li>\n<li>Voltage:\n<ul>\n<li>5 V<\/li>\n<li>20 V<\/li>\n<\/ul>\n<\/li>\n<li>Compatible: Consoles de jeux vid\u00e9o<\/li>\n<li>Entr\u00e9e AC: 100-240 V<\/li>\n<li>Fr\u00e9quence: 50 &#8211; 60 Hz<\/li>\n<li>Longueur du c\u00e2ble: 1,5 m<\/li>\n<\/ul>","protected":false},"excerpt":{"rendered":"<p>Adaptateur secteur USB-C 1,5m sp\u00e9cialement con\u00e7u pour ta Switch 2, avec charge rapide et c\u00e2ble assez long pour jouer peinard depuis ton canap.<\/p>","protected":false},"featured_media":66131,"comment_status":"open","ping_status":"closed","template":"","meta":{"_gspb_post_css":"","iawp_total_views":0},"product_brand":[],"product_cat":[846,982,983,919],"product_tag":[153],"class_list":{"0":"post-66135","1":"product","2":"type-product","3":"status-publish","4":"has-post-thumbnail","6":"product_cat-accessoires-pour-consoles","7":"product_cat-accessoires-pour-voitures","8":"product_cat-capteurs-et-electronique-automobiles","9":"product_cat-sports-loisirs","10":"product_tag-tag_25","12":"first","13":"instock","14":"taxable","15":"shipping-taxable","16":"purchasable","17":"product-type-simple"},"ct_brands":[],"_links":{"self":[{"href":"https:\/\/gamerdeer.com\/en\/wp-json\/wp\/v2\/product\/66135","targetHints":{"allow":["GET"]}}],"collection":[{"href":"https:\/\/gamerdeer.com\/en\/wp-json\/wp\/v2\/product"}],"about":[{"href":"https:\/\/gamerdeer.com\/en\/wp-json\/wp\/v2\/types\/product"}],"replies":[{"embeddable":true,"href":"https:\/\/gamerdeer.com\/en\/wp-json\/wp\/v2\/comments?post=66135"}],"wp:featuredmedia":[{"embeddable":true,"href":"https:\/\/gamerdeer.com\/en\/wp-json\/wp\/v2\/media\/66131"}],"wp:attachment":[{"href":"https:\/\/gamerdeer.com\/en\/wp-json\/wp\/v2\/media?parent=66135"}],"wp:term":[{"taxonomy":"product_brand","embeddable":true,"href":"https:\/\/gamerdeer.com\/en\/wp-json\/wp\/v2\/product_brand?post=66135"},{"taxonomy":"product_cat","embeddable":true,"href":"https:\/\/gamerdeer.com\/en\/wp-json\/wp\/v2\/product_cat?post=66135"},{"taxonomy":"product_tag","embeddable":true,"href":"https:\/\/gamerdeer.com\/en\/wp-json\/wp\/v2\/product_tag?post=66135"}],"curies":[{"name":"wp","href":"https:\/\/api.w.org\/{rel}","templated":true}]}}