{"id":66065,"date":"2025-12-31T01:39:02","date_gmt":"2025-12-31T00:39:02","guid":{"rendered":"https:\/\/gamerdeer.com\/product\/nintendo-switch-lite-animal-crossing-nintendo-45496546083-turquoise\/"},"modified":"2026-03-30T13:41:33","modified_gmt":"2026-03-30T12:41:33","slug":"nintendo-switch-lite-animal-crossing-nintendo-45496546083-turquoise","status":"publish","type":"product","link":"https:\/\/gamerdeer.com\/en\/product\/nintendo-switch-lite-animal-crossing-nintendo-45496546083-turquoise\/","title":{"rendered":"Nintendo Switch Lite + Animal Crossing Nintendo 45496546083 Turquoise"},"content":{"rendered":"<p>If you are passionate about\u2019<b>computer science and electronics<\/b>, If you're at the cutting edge of technology and you don't want to miss a thing, buy <b>Nintendo Switch Lite + Animal Crossing Nintendo 45496546083 Turquoise<\/b> at the best price.<\/p>\n<p>La <b>Nintendo Switch Lite<\/b> est une console portable con\u00e7ue sp\u00e9cifiquement pour le jeu en d\u00e9placement, parfaite pour ceux qui recherchent une exp\u00e9rience de <b>jeu vid\u00e9o portable<\/b> l\u00e9g\u00e8re et compacte. Ce mod\u00e8le, pr\u00e9sent\u00e9 dans un attrayant <b>coloris turquoise<\/b>, offre une ergonomie adapt\u00e9e aux longues sessions de jeu gr\u00e2ce \u00e0 sa construction solide et ses finitions soign\u00e9es. Elle dispose d\u2019un <b>\u00e9cran tactile LCD<\/b> qui fournit des images claires et vibrantes, optimis\u00e9 pour une interaction intuitive et fluide sur tous types de jeux. Elle est \u00e9quip\u00e9e de plusieurs options de <b>connectivit\u00e9<\/b> incluant le <b>Bluetooth<\/b>, le <b>Wi-Fi<\/b> et un <b>port USB-C<\/b> pour une charge efficace et la connexion de p\u00e9riph\u00e9riques, ainsi qu\u2019un <b>lecteur de cartes<\/b> pour les jeux physiques de la plateforme Nintendo Switch. Cette \u00e9dition inclut \u00e9galement le populaire jeu <b>Animal Crossing: New Horizons<\/b> en version num\u00e9rique \u00e0 t\u00e9l\u00e9charger, offrant une exp\u00e9rience sociale et cr\u00e9ative tr\u00e8s appr\u00e9ci\u00e9e des joueurs. La console conserve la compatibilit\u00e9 avec le catalogue de jeux Nintendo Switch adapt\u00e9s au mode portable, offrant ainsi une large vari\u00e9t\u00e9 d\u2019options de divertissement. Gr\u00e2ce \u00e0 sa portabilit\u00e9, sa facilit\u00e9 d\u2019utilisation et l\u2019acc\u00e8s \u00e0 l\u2019\u00e9cosyst\u00e8me Nintendo, la Switch Lite se positionne comme une solution pratique et enthousiasmante pour ceux qui souhaitent profiter de leurs jeux pr\u00e9f\u00e9r\u00e9s partout.<\/p>\n<ul>\n<li>Ecran: 5,5&#8243;<\/li>\n<li>Couleur: Turquoise<\/li>\n<li>Features:\n<ul>\n<li>\u00c9cran LCD<\/li>\n<li>Ecran tactile<\/li>\n<li>Lecteur de Cartes<\/li>\n<\/ul>\n<\/li>\n<li>Connections:\n<ul>\n<li>USB<\/li>\n<li>USB-C<\/li>\n<li>3.5 mm jack<\/li>\n<li>3.3 mm jack cable<\/li>\n<\/ul>\n<\/li>\n<li>Connectivit\u00e9:\n<ul>\n<li>Bluetooth<\/li>\n<li>Wi-Fi<\/li>\n<li>Bluetooth 4.1<\/li>\n<\/ul>\n<\/li>\n<li>Bloc d\u2019Alimentation: USB<\/li>\n<li>Autonomie approx.: 7 heures<\/li>\n<li>Temps de charge approx.: 3 heures<\/li>\n<li>Fonctions: Acc\u00e9l\u00e9rom\u00e8tre<\/li>\n<li>Contr\u00f4le: Boutons<\/li>\n<li>Taille maximale de la carte m\u00e9moire: 2 TB<\/li>\n<li>Fonctionne \u00e0 piles: 1 Litio Ion, incluidas<\/li>\n<li>Technologie: Capacitive<\/li>\n<li>Pr\u00e9cision (humidit\u00e9 relative): 20 % &#8211; 80 %<\/li>\n<li>Battery type: Litio Ion<\/li>\n<li>Cartes M\u00e9moire Compatibles: MicroSD (TransFlash),MicroSDHC,MicroSDXC<\/li>\n<li>R\u00e9solution (px): 1280 x 720 px<\/li>\n<li>Diagonale de l&#8217;\u00e9cran (cm): 14 cm<\/li>\n<\/ul>","protected":false},"excerpt":{"rendered":"<p>La Switch Lite turquoise avec Animal Crossing inclus, parfaite pour farmer tes navets en d\u00e9placement. Console 100% portable qui tient dans ton sac pour du gaming partout.<\/p>","protected":false},"featured_media":66054,"comment_status":"open","ping_status":"closed","template":"","meta":{"_gspb_post_css":""},"product_brand":[],"product_cat":[223,899,886],"product_tag":[147],"class_list":{"0":"post-66065","1":"product","2":"type-product","3":"status-publish","4":"has-post-thumbnail","6":"product_cat-consoles","7":"product_cat-electronique-jouets-electroniques","8":"product_cat-informatique-electronique","9":"product_tag-tag_29","11":"first","12":"instock","13":"taxable","14":"shipping-taxable","15":"purchasable","16":"product-type-simple"},"ct_brands":[],"_links":{"self":[{"href":"https:\/\/gamerdeer.com\/en\/wp-json\/wp\/v2\/product\/66065","targetHints":{"allow":["GET"]}}],"collection":[{"href":"https:\/\/gamerdeer.com\/en\/wp-json\/wp\/v2\/product"}],"about":[{"href":"https:\/\/gamerdeer.com\/en\/wp-json\/wp\/v2\/types\/product"}],"replies":[{"embeddable":true,"href":"https:\/\/gamerdeer.com\/en\/wp-json\/wp\/v2\/comments?post=66065"}],"wp:featuredmedia":[{"embeddable":true,"href":"https:\/\/gamerdeer.com\/en\/wp-json\/wp\/v2\/media\/66054"}],"wp:attachment":[{"href":"https:\/\/gamerdeer.com\/en\/wp-json\/wp\/v2\/media?parent=66065"}],"wp:term":[{"taxonomy":"product_brand","embeddable":true,"href":"https:\/\/gamerdeer.com\/en\/wp-json\/wp\/v2\/product_brand?post=66065"},{"taxonomy":"product_cat","embeddable":true,"href":"https:\/\/gamerdeer.com\/en\/wp-json\/wp\/v2\/product_cat?post=66065"},{"taxonomy":"product_tag","embeddable":true,"href":"https:\/\/gamerdeer.com\/en\/wp-json\/wp\/v2\/product_tag?post=66065"}],"curies":[{"name":"wp","href":"https:\/\/api.w.org\/{rel}","templated":true}]}}