{"id":65739,"date":"2025-12-30T15:14:16","date_gmt":"2025-12-30T14:14:16","guid":{"rendered":"https:\/\/gamerdeer.com\/product\/figurine-funko-pop-shazam-unicorn\/"},"modified":"2026-04-01T15:19:15","modified_gmt":"2026-04-01T14:19:15","slug":"figurine-funko-pop-shazam-unicorn","status":"publish","type":"product","link":"https:\/\/gamerdeer.com\/en\/product\/figurine-funko-pop-shazam-unicorn\/","title":{"rendered":"Figurine Funko Pop! SHAZAM! UNICORN"},"content":{"rendered":"<p>Children deserve the best, so we're bringing you <b>Figurine Funko Pop! SHAZAM! UNICORN<\/b>, ideal for those looking for quality products for the little ones! Get <b>Funko Pop!<\/b> at the best prices!<\/p>\n<ul>\n<li>Taille: 9 cm<\/li>\n<li>Mat\u00e9riel: Autocollants<\/li>\n<li>Colour: Multicolour<\/li>\n<li>Recommended age: + 3 years<\/li>\n<li>Design: Moderne<\/li>\n<\/ul>","protected":false},"excerpt":{"rendered":"<p>Shazam en mode licorne sur ta \u00e9tag\u00e8re gaming, parce que m\u00eame les super-h\u00e9ros ont le droit d&#8217;\u00eatre cute. Du collector Funko Pop 9cm qui va faire jazzer ton setup.<br \/>\n<span class=\"unit-info\">188.7778 \u20ac \/ 1 m<\/span><\/p>","protected":false},"featured_media":65737,"comment_status":"open","ping_status":"closed","template":"","meta":{"_gspb_post_css":""},"product_brand":[],"product_cat":[901,902,907],"product_tag":[156],"class_list":{"0":"post-65739","1":"product","2":"type-product","3":"status-publish","4":"has-post-thumbnail","6":"product_cat-jouets-deguisements","7":"product_cat-jouets-et-jeux","8":"product_cat-poupees-et-peluches","9":"product_tag-tag_1305","11":"first","12":"instock","13":"taxable","14":"shipping-taxable","15":"purchasable","16":"product-type-simple"},"ct_brands":[],"_links":{"self":[{"href":"https:\/\/gamerdeer.com\/en\/wp-json\/wp\/v2\/product\/65739","targetHints":{"allow":["GET"]}}],"collection":[{"href":"https:\/\/gamerdeer.com\/en\/wp-json\/wp\/v2\/product"}],"about":[{"href":"https:\/\/gamerdeer.com\/en\/wp-json\/wp\/v2\/types\/product"}],"replies":[{"embeddable":true,"href":"https:\/\/gamerdeer.com\/en\/wp-json\/wp\/v2\/comments?post=65739"}],"wp:featuredmedia":[{"embeddable":true,"href":"https:\/\/gamerdeer.com\/en\/wp-json\/wp\/v2\/media\/65737"}],"wp:attachment":[{"href":"https:\/\/gamerdeer.com\/en\/wp-json\/wp\/v2\/media?parent=65739"}],"wp:term":[{"taxonomy":"product_brand","embeddable":true,"href":"https:\/\/gamerdeer.com\/en\/wp-json\/wp\/v2\/product_brand?post=65739"},{"taxonomy":"product_cat","embeddable":true,"href":"https:\/\/gamerdeer.com\/en\/wp-json\/wp\/v2\/product_cat?post=65739"},{"taxonomy":"product_tag","embeddable":true,"href":"https:\/\/gamerdeer.com\/en\/wp-json\/wp\/v2\/product_tag?post=65739"}],"curies":[{"name":"wp","href":"https:\/\/api.w.org\/{rel}","templated":true}]}}