{"id":63580,"date":"2025-12-23T20:23:29","date_gmt":"2025-12-23T19:23:29","guid":{"rendered":"https:\/\/gamerdeer.com\/product\/figurine-daction-fandrop-star-wars-3\/"},"modified":"2026-03-30T13:41:05","modified_gmt":"2026-03-30T12:41:05","slug":"fandrop-sw04-figures-luke-skywalker-darth-vader-diorama-collector-star-wars","status":"publish","type":"product","link":"https:\/\/gamerdeer.com\/en\/product\/fandrop-sw04-figures-luke-skywalker-darth-vader-diorama-collector-star-wars\/","title":{"rendered":"Diorama Collector FANDROP SW04: Luke Skywalker &amp; Darth Vader"},"content":{"rendered":"<p>Revisit the most intense family conflict in the galaxy with the <strong>Diorama Collector FANDROP SW04: Luke Skywalker &amp; Darth Vader<\/strong>.<\/p>\n<p>This set captures the clash of generations between the last Jedi Knight and the Dark Lord of the Sith. Frozen in battle, Luke and Vader confront each other in a dynamic scene that embodies the eternal struggle between the Light Side and the Dark Side. True to the FANDROP collection, this diorama features a uniquely stylized design, encapsulated in an aesthetically pleasing window box ready to join your wall or shelf without even needing to be opened.<\/p>\n<p>But there's more to the experience than meets the eye. Each box contains a <strong>mystery artefact<\/strong> (a weapon? iconic equipment?) that adds a loot dimension to your purchase. With the Scene Marker card included and a background packed with detail for the discerning fan, it's a great way to celebrate the Skywalker legacy.<\/p>\n<h3>Why the pack loves him<\/h3>\n<ul>\n<li><strong>The Ultimate Duel :<\/strong> Staging the legendary confrontation between father and son, the emotional heart of the Star Wars saga.<\/li>\n<li><strong>Hidden Surprise :<\/strong> The presence of a mystery artefact (Common, Rare or Ultra-Rare) makes unpacking exciting.<\/li>\n<li><strong>Pop Design :<\/strong> The unique artistic style of the FANDROP range gives a new lease of life to these classic characters.<\/li>\n<li><strong>Collectable :<\/strong> The \u201cshadow box\u201d format is designed to align perfectly with other dioramas (such as Obi-Wan vs Vader).<\/li>\n<li><strong>Detailed Decor :<\/strong> The illustrated background is full of winks that only true Jedi will be able to spot.<\/li>\n<\/ul>\n<h3>Technical specs<\/h3>\n<ul>\n<li><strong>Model :<\/strong> FANDROP SW04.<\/li>\n<li><strong>Characters :<\/strong> Luke Skywalker &amp; Darth Vader.<\/li>\n<li><strong>Licence :<\/strong> Star Wars.<\/li>\n<li><strong>Contents:<\/strong> 2 Figurines (Diorama) + 1 Mystery Artefact + 1 Scene Card.<\/li>\n<li><strong>Manufacturer:<\/strong> Moose Toys.<\/li>\n<li><strong>Type :<\/strong> Collector's figurine \/ Stylised diorama.<\/li>\n<\/ul>","protected":false},"excerpt":{"rendered":"<p>Le duel p\u00e8re-fils le plus intense de la saga Star Wars fig\u00e9 dans un diorama collector ultra d\u00e9taill\u00e9. Luke vs Vader en combat dynamique, parfait pour ton setup gaming.<\/p>","protected":false},"featured_media":63574,"comment_status":"open","ping_status":"closed","template":"","meta":{"_gspb_post_css":""},"product_brand":[],"product_cat":[903,842,901,902,53],"product_tag":[152,973,977,148],"class_list":{"0":"post-63580","1":"product","2":"type-product","3":"status-publish","4":"has-post-thumbnail","6":"product_cat-figurines-d-action","7":"product_cat-figurines-daction","8":"product_cat-jouets-deguisements","9":"product_cat-jouets-et-jeux","10":"product_cat-figurines-merch-goodies","11":"product_tag-tag_1275","12":"product_tag-chambre-gamer","13":"product_tag-coin-geeks","14":"product_tag-tag_1304","16":"first","17":"instock","18":"taxable","19":"shipping-taxable","20":"purchasable","21":"product-type-simple"},"ct_brands":[],"_links":{"self":[{"href":"https:\/\/gamerdeer.com\/en\/wp-json\/wp\/v2\/product\/63580","targetHints":{"allow":["GET"]}}],"collection":[{"href":"https:\/\/gamerdeer.com\/en\/wp-json\/wp\/v2\/product"}],"about":[{"href":"https:\/\/gamerdeer.com\/en\/wp-json\/wp\/v2\/types\/product"}],"replies":[{"embeddable":true,"href":"https:\/\/gamerdeer.com\/en\/wp-json\/wp\/v2\/comments?post=63580"}],"wp:featuredmedia":[{"embeddable":true,"href":"https:\/\/gamerdeer.com\/en\/wp-json\/wp\/v2\/media\/63574"}],"wp:attachment":[{"href":"https:\/\/gamerdeer.com\/en\/wp-json\/wp\/v2\/media?parent=63580"}],"wp:term":[{"taxonomy":"product_brand","embeddable":true,"href":"https:\/\/gamerdeer.com\/en\/wp-json\/wp\/v2\/product_brand?post=63580"},{"taxonomy":"product_cat","embeddable":true,"href":"https:\/\/gamerdeer.com\/en\/wp-json\/wp\/v2\/product_cat?post=63580"},{"taxonomy":"product_tag","embeddable":true,"href":"https:\/\/gamerdeer.com\/en\/wp-json\/wp\/v2\/product_tag?post=63580"}],"curies":[{"name":"wp","href":"https:\/\/api.w.org\/{rel}","templated":true}]}}