{"id":62968,"date":"2025-12-23T19:44:14","date_gmt":"2025-12-23T18:44:14","guid":{"rendered":"https:\/\/gamerdeer.com\/product\/figurine-daction-schleich-harry-potter-figurines-and-his-patronus\/"},"modified":"2026-04-16T21:34:07","modified_gmt":"2026-04-16T20:34:07","slug":"figurine-daction-schleich-harry-potter-figurines-and-his-patronus","status":"publish","type":"product","link":"https:\/\/gamerdeer.com\/en\/product\/figurine-daction-schleich-harry-potter-figurines-and-his-patronus\/","title":{"rendered":"Action Figure Schleich Harry Potter Figurines and his Patronus"},"content":{"rendered":"<p>Children deserve the best, so we're bringing you <b>Action Figure Schleich Harry Potter Figurines and his Patronus<\/b>, ideal for those looking for quality products for the little ones! Get <b>Schleich<\/b> at the best prices!<\/p>\n<ul>\n<li>Type: Accessoires<\/li>\n<li>Colour:\n<ul>\n<li>Marron<\/li>\n<li>Multicolour<\/li>\n<\/ul>\n<\/li>\n<li>Mat\u00e9riel: PVC<\/li>\n<li>Recommended age:\n<ul>\n<li>+ 3 years<\/li>\n<li>Enfant<\/li>\n<\/ul>\n<\/li>\n<li>Number of players: 1 Players<\/li>\n<li>Utilisation recommand\u00e9e: Int\u00e9rieur\/Ext\u00e9rieur<\/li>\n<\/ul>","protected":false},"excerpt":{"rendered":"<p>Harry Potter et son Patronus en figurines Schleich ultra d\u00e9taill\u00e9es pour recr\u00e9er tes sc\u00e8nes cultes de Poudlard. Du matos collector qui claque pour ton setup geek.<\/p>","protected":false},"featured_media":62961,"comment_status":"open","ping_status":"closed","template":"","meta":{"_gspb_post_css":""},"product_brand":[],"product_cat":[903,842,901,902,53],"product_tag":[152,148],"class_list":{"0":"post-62968","1":"product","2":"type-product","3":"status-publish","4":"has-post-thumbnail","6":"product_cat-figurines-d-action","7":"product_cat-figurines-daction","8":"product_cat-jouets-deguisements","9":"product_cat-jouets-et-jeux","10":"product_cat-figurines-merch-goodies","11":"product_tag-tag_1275","12":"product_tag-tag_1304","14":"first","15":"instock","16":"taxable","17":"shipping-taxable","18":"purchasable","19":"product-type-simple"},"ct_brands":[],"_links":{"self":[{"href":"https:\/\/gamerdeer.com\/en\/wp-json\/wp\/v2\/product\/62968","targetHints":{"allow":["GET"]}}],"collection":[{"href":"https:\/\/gamerdeer.com\/en\/wp-json\/wp\/v2\/product"}],"about":[{"href":"https:\/\/gamerdeer.com\/en\/wp-json\/wp\/v2\/types\/product"}],"replies":[{"embeddable":true,"href":"https:\/\/gamerdeer.com\/en\/wp-json\/wp\/v2\/comments?post=62968"}],"wp:featuredmedia":[{"embeddable":true,"href":"https:\/\/gamerdeer.com\/en\/wp-json\/wp\/v2\/media\/62961"}],"wp:attachment":[{"href":"https:\/\/gamerdeer.com\/en\/wp-json\/wp\/v2\/media?parent=62968"}],"wp:term":[{"taxonomy":"product_brand","embeddable":true,"href":"https:\/\/gamerdeer.com\/en\/wp-json\/wp\/v2\/product_brand?post=62968"},{"taxonomy":"product_cat","embeddable":true,"href":"https:\/\/gamerdeer.com\/en\/wp-json\/wp\/v2\/product_cat?post=62968"},{"taxonomy":"product_tag","embeddable":true,"href":"https:\/\/gamerdeer.com\/en\/wp-json\/wp\/v2\/product_tag?post=62968"}],"curies":[{"name":"wp","href":"https:\/\/api.w.org\/{rel}","templated":true}]}}