{"id":62912,"date":"2025-12-23T19:33:25","date_gmt":"2025-12-23T18:33:25","guid":{"rendered":"https:\/\/gamerdeer.com\/product\/xbox-series-x-microsoft-digital-edition-1-tb\/"},"modified":"2026-04-17T12:09:06","modified_gmt":"2026-04-17T11:09:06","slug":"xbox-series-x-microsoft-digital-edition-1-tb","status":"publish","type":"product","link":"https:\/\/gamerdeer.com\/en\/product\/xbox-series-x-microsoft-digital-edition-1-tb\/","title":{"rendered":"Xbox Series X Microsoft Digital Edition 1 TB"},"content":{"rendered":"<p>Children deserve the best, so we're bringing you <b>Xbox Series X Microsoft Digital Edition 1 TB<\/b>, ideal for those looking for quality products for the little ones! Get <b>Microsoft<\/b> at the best prices!<\/p>\n<ul>\n<li>Colour: White<\/li>\n<li>Disque dur: 1 TB SSD<\/li>\n<li>Connections:\n<ul>\n<li>Ethernet LAN<\/li>\n<li>HDMI<\/li>\n<li>HDMI 2.1 x 1<\/li>\n<li>USB-A 3.2<\/li>\n<\/ul>\n<\/li>\n<li>Type: SSD<\/li>\n<li>Type de m\u00e9moire: GDDR6<\/li>\n<li>Profondeur: 151 mm<\/li>\n<li>Processeur: AMD Ryzen Zen 2<\/li>\n<li>Plate-forme: Xbox Series X<\/li>\n<li>Connectivit\u00e9: Wi-Fi<\/li>\n<li>Langue: Fran\u00e7ais<\/li>\n<li>vitesse: 10\/100\/1000 Mbps<\/li>\n<li>M\u00e9moire interne: 1 TB<\/li>\n<li>Bloc d\u2019Alimentation: CC<\/li>\n<li>Type de stockage: SSD<\/li>\n<li>Noyaux: 8 Noyaux<\/li>\n<\/ul>","protected":false},"excerpt":{"rendered":"<p>La Series X Digital Edition avec son SSD 1TB qui charge tes jeux en 10 secondes chrono. Du 4K 120fps sans lecteur physique, pour un setup 100% d\u00e9mat\u00e9rialis\u00e9.<\/p>","protected":false},"featured_media":62905,"comment_status":"open","ping_status":"closed","template":"","meta":{"_gspb_post_css":""},"product_brand":[],"product_cat":[223,899,886],"product_tag":[148,147],"class_list":{"0":"post-62912","1":"product","2":"type-product","3":"status-publish","4":"has-post-thumbnail","6":"product_cat-consoles","7":"product_cat-electronique-jouets-electroniques","8":"product_cat-informatique-electronique","9":"product_tag-tag_1304","10":"product_tag-tag_29","12":"first","13":"instock","14":"taxable","15":"shipping-taxable","16":"purchasable","17":"product-type-simple"},"ct_brands":[],"_links":{"self":[{"href":"https:\/\/gamerdeer.com\/en\/wp-json\/wp\/v2\/product\/62912","targetHints":{"allow":["GET"]}}],"collection":[{"href":"https:\/\/gamerdeer.com\/en\/wp-json\/wp\/v2\/product"}],"about":[{"href":"https:\/\/gamerdeer.com\/en\/wp-json\/wp\/v2\/types\/product"}],"replies":[{"embeddable":true,"href":"https:\/\/gamerdeer.com\/en\/wp-json\/wp\/v2\/comments?post=62912"}],"wp:featuredmedia":[{"embeddable":true,"href":"https:\/\/gamerdeer.com\/en\/wp-json\/wp\/v2\/media\/62905"}],"wp:attachment":[{"href":"https:\/\/gamerdeer.com\/en\/wp-json\/wp\/v2\/media?parent=62912"}],"wp:term":[{"taxonomy":"product_brand","embeddable":true,"href":"https:\/\/gamerdeer.com\/en\/wp-json\/wp\/v2\/product_brand?post=62912"},{"taxonomy":"product_cat","embeddable":true,"href":"https:\/\/gamerdeer.com\/en\/wp-json\/wp\/v2\/product_cat?post=62912"},{"taxonomy":"product_tag","embeddable":true,"href":"https:\/\/gamerdeer.com\/en\/wp-json\/wp\/v2\/product_tag?post=62912"}],"curies":[{"name":"wp","href":"https:\/\/api.w.org\/{rel}","templated":true}]}}