{"id":62646,"date":"2025-12-23T19:18:49","date_gmt":"2025-12-23T18:18:49","guid":{"rendered":"https:\/\/gamerdeer.com\/product\/tapis-gaming-fr-tec-batpcmpad\/"},"modified":"2026-04-14T10:54:07","modified_gmt":"2026-04-14T09:54:07","slug":"tapis-gaming-fr-tec-batpcmpad","status":"publish","type":"product","link":"https:\/\/gamerdeer.com\/en\/product\/tapis-gaming-fr-tec-batpcmpad\/","title":{"rendered":"FR-TEC Batman XL Gaming Mat LED backlighting"},"content":{"rendered":"<p>If you are passionate about\u2019<b>computer science and electronics<\/b>, If you're at the cutting edge of technology and you don't want to miss a thing, buy <b>Tapis Gaming FR-TEC BATPCMPAD<\/b> at the best price.<\/p>\n<ul>\n<li>Type: Mouse Pad<\/li>\n<li>Material: Rubber<\/li>\n<li>Caract\u00e9ristiques: R\u00e9tro-\u00e9clair\u00e9 LDC<\/li>\n<li>Base: Antid\u00e9rapant<\/li>\n<li>Cable length: 1.8 m<\/li>\n<\/ul>","protected":false},"excerpt":{"rendered":"<p>Un tapis XL Batman avec r\u00e9tro\u00e9clairage LED qui transforme ton setup en Batcave. Base antid\u00e9rapante en caoutchouc, ta souris glisse parfaitement m\u00eame pendant tes sessions marathon.<\/p>","protected":false},"featured_media":65070,"comment_status":"open","ping_status":"closed","template":"","meta":{"_gspb_post_css":""},"product_brand":[],"product_cat":[886,890,840,183,885],"product_tag":[751,147,1503,146],"class_list":{"0":"post-62646","1":"product","2":"type-product","3":"status-publish","4":"has-post-thumbnail","6":"product_cat-informatique-electronique","7":"product_cat-informatique-gaming","8":"product_cat-setup-gaming","9":"product_cat-souris-et-gaming-mouse","10":"product_cat-tapis-gaming","11":"product_tag-frontpage","12":"product_tag-tag_29","13":"product_tag-pepite","14":"product_tag-tag_1295","16":"first","17":"instock","18":"taxable","19":"shipping-taxable","20":"purchasable","21":"product-type-simple"},"ct_brands":[],"_links":{"self":[{"href":"https:\/\/gamerdeer.com\/en\/wp-json\/wp\/v2\/product\/62646","targetHints":{"allow":["GET"]}}],"collection":[{"href":"https:\/\/gamerdeer.com\/en\/wp-json\/wp\/v2\/product"}],"about":[{"href":"https:\/\/gamerdeer.com\/en\/wp-json\/wp\/v2\/types\/product"}],"replies":[{"embeddable":true,"href":"https:\/\/gamerdeer.com\/en\/wp-json\/wp\/v2\/comments?post=62646"}],"wp:featuredmedia":[{"embeddable":true,"href":"https:\/\/gamerdeer.com\/en\/wp-json\/wp\/v2\/media\/65070"}],"wp:attachment":[{"href":"https:\/\/gamerdeer.com\/en\/wp-json\/wp\/v2\/media?parent=62646"}],"wp:term":[{"taxonomy":"product_brand","embeddable":true,"href":"https:\/\/gamerdeer.com\/en\/wp-json\/wp\/v2\/product_brand?post=62646"},{"taxonomy":"product_cat","embeddable":true,"href":"https:\/\/gamerdeer.com\/en\/wp-json\/wp\/v2\/product_cat?post=62646"},{"taxonomy":"product_tag","embeddable":true,"href":"https:\/\/gamerdeer.com\/en\/wp-json\/wp\/v2\/product_tag?post=62646"}],"curies":[{"name":"wp","href":"https:\/\/api.w.org\/{rel}","templated":true}]}}