{"id":52445,"date":"2025-12-21T22:48:26","date_gmt":"2025-12-21T21:48:26","guid":{"rendered":"https:\/\/gamerdeer.com\/product\/tapis-de-souris-trust-24745-vert\/"},"modified":"2026-04-15T09:14:06","modified_gmt":"2026-04-15T08:14:06","slug":"tapis-de-souris-trust-boye-eco-materiaux-recycles-vert","status":"publish","type":"product","link":"https:\/\/gamerdeer.com\/en\/product\/tapis-de-souris-trust-boye-eco-materiaux-recycles-vert\/","title":{"rendered":"Trust Boye Eco Mouse Pad - Recycled Materials - Green"},"content":{"rendered":"<p>If you are passionate about\u2019<b>computer science and electronics<\/b>, If you're at the cutting edge of technology and you don't want to miss a thing, buy <b>Tapis de Souris Trust 24745 Vert<\/b> at the best price.<\/p>\n<ul>\n<li>Type: Mouse Pad<\/li>\n<li>Taille: M<\/li>\n<li>Couleur: Vert<\/li>\n<li>Mat\u00e9riel: Caoutchouc<\/li>\n<li>Largeur: 250 mm<\/li>\n<li>\u00c9paisseur: 3 mm<\/li>\n<li>Pays \/ r\u00e9gion de fabrication: Chine<\/li>\n<li>Shape: Rectangular<\/li>\n<\/ul>","protected":false},"excerpt":{"rendered":"<p>Un tapis gaming en mat\u00e9riaux recycl\u00e9s qui glisse parfaitement tout en respectant la plan\u00e8te. Format M compact, 3mm d&#8217;\u00e9paisseur pour un tracking nickel sans prendre toute ta desk.<\/p>","protected":false},"featured_media":52441,"comment_status":"open","ping_status":"closed","template":"","meta":{"_gspb_post_css":"","iawp_total_views":0},"product_brand":[],"product_cat":[886,890,840,183,885],"product_tag":[751,147,146],"class_list":{"0":"post-52445","1":"product","2":"type-product","3":"status-publish","4":"has-post-thumbnail","6":"product_cat-informatique-electronique","7":"product_cat-informatique-gaming","8":"product_cat-setup-gaming","9":"product_cat-souris-et-gaming-mouse","10":"product_cat-tapis-gaming","11":"product_tag-frontpage","12":"product_tag-tag_29","13":"product_tag-tag_1295","15":"first","16":"instock","17":"taxable","18":"shipping-taxable","19":"purchasable","20":"product-type-simple"},"ct_brands":[],"_links":{"self":[{"href":"https:\/\/gamerdeer.com\/en\/wp-json\/wp\/v2\/product\/52445","targetHints":{"allow":["GET"]}}],"collection":[{"href":"https:\/\/gamerdeer.com\/en\/wp-json\/wp\/v2\/product"}],"about":[{"href":"https:\/\/gamerdeer.com\/en\/wp-json\/wp\/v2\/types\/product"}],"replies":[{"embeddable":true,"href":"https:\/\/gamerdeer.com\/en\/wp-json\/wp\/v2\/comments?post=52445"}],"wp:featuredmedia":[{"embeddable":true,"href":"https:\/\/gamerdeer.com\/en\/wp-json\/wp\/v2\/media\/52441"}],"wp:attachment":[{"href":"https:\/\/gamerdeer.com\/en\/wp-json\/wp\/v2\/media?parent=52445"}],"wp:term":[{"taxonomy":"product_brand","embeddable":true,"href":"https:\/\/gamerdeer.com\/en\/wp-json\/wp\/v2\/product_brand?post=52445"},{"taxonomy":"product_cat","embeddable":true,"href":"https:\/\/gamerdeer.com\/en\/wp-json\/wp\/v2\/product_cat?post=52445"},{"taxonomy":"product_tag","embeddable":true,"href":"https:\/\/gamerdeer.com\/en\/wp-json\/wp\/v2\/product_tag?post=52445"}],"curies":[{"name":"wp","href":"https:\/\/api.w.org\/{rel}","templated":true}]}}