{"id":45703,"date":"2025-12-21T15:31:38","date_gmt":"2025-12-21T14:31:38","guid":{"rendered":"https:\/\/gamerdeer.com\/product\/tapis-de-souris-subsonic-joker-vert\/"},"modified":"2026-04-16T20:49:06","modified_gmt":"2026-04-16T19:49:06","slug":"subsonic-tapis-de-souris-joker-vert-gaming-design-base-antiderapante","status":"publish","type":"product","link":"https:\/\/gamerdeer.com\/en\/product\/subsonic-tapis-de-souris-joker-vert-gaming-design-base-antiderapante\/","title":{"rendered":"Subsonic Tapis de Souris Joker Vert &#8211; Gaming Design &#8211; Base Antid\u00e9rapante &#8211; Surface Optimis\u00e9e"},"content":{"rendered":"<p>If you are passionate about\u2019<b>computer science and electronics<\/b>, If you're at the cutting edge of technology and you don't want to miss a thing, buy <b>Tapis de Souris Subsonic Joker Vert<\/b> at the best price.<\/p>\n<p>Le <b>tapis de souris Joker<\/b> de la marque Subsonic est un accessoire con\u00e7u principalement pour les utilisateurs recherchant un support optimal pour les t\u00e2ches de <b>jeu<\/b> et de travail avec des <b>souris<\/b> de bureau. Sa taille <b>XXL<\/b>, avec des dimensions de <b>90 cm de long sur 40 cm de large<\/b>, offre une surface large et confortable permettant des mouvements amples et pr\u00e9cis, id\u00e9aux pour des sessions prolong\u00e9es et des environnements exigeant une grande pr\u00e9cision. Fabriqu\u00e9 avec des mat\u00e9riaux de <b>haute qualit\u00e9<\/b>, ce tapis se distingue par sa base <b>anti-slip<\/b>, garantissant une stabilit\u00e9 sur diff\u00e9rents types de meubles et \u00e9vitant tout glissement accidentel lors d\u2019une utilisation intensive. Malgr\u00e9 sa grande surface, il pr\u00e9sente un poids \u00e9quilibr\u00e9 de <b>700 grammes<\/b> facilitant son positionnement et son transport sans sacrifier sa rigidit\u00e9. Sa couleur dominante est le <b>vert<\/b>, un choix esth\u00e9tique qui peut compl\u00e9ter les espaces de jeu ou de travail avec une touche moderne et dynamique. Ce tapis est sp\u00e9cialement recommand\u00e9 pour les ordinateurs personnels (<b>PC<\/b>) et optimis\u00e9 pour am\u00e9liorer les performances des souris optiques comme laser, assurant un suivi fluide et sans interruption. Gr\u00e2ce \u00e0 sa r\u00e9sistance et sa finition, il s\u2019adapte parfaitement \u00e0 un usage quotidien, offrant une surface uniforme et confortable qui contribue \u00e0 r\u00e9duire la fatigue du poignet et \u00e0 am\u00e9liorer la pr\u00e9cision du curseur. En r\u00e9sum\u00e9, le tapis Joker de Subsonic allie taille, fonctionnalit\u00e9 et durabilit\u00e9 pour les utilisateurs recherchant confort et efficacit\u00e9 dans leur espace num\u00e9rique.<\/p>\n<ul>\n<li>Type: Mouse Pad<\/li>\n<li>Couleur: Vert<\/li>\n<li>Width: 40 cm<\/li>\n<li>Profondeur: 40 cm<\/li>\n<li>\u00c9paisseur: 3 mm<\/li>\n<li>Taille: XXL<\/li>\n<li>Recommended use:\n<ul>\n<li>PC<\/li>\n<li>Game<\/li>\n<li>Mouse<\/li>\n<li>Bureau<\/li>\n<\/ul>\n<\/li>\n<\/ul>","protected":false},"excerpt":{"rendered":"<p>Un tapis gaming Joker avec une surface optimis\u00e9e pour le tracking et une base qui bouge pas d&#8217;un pixel. Ton setup va avoir la classe avec ce design vert qui claque.<\/p>\n<p><span class=\"unit-info\">53.3222 \u20ac \/ 1 m<\/span><\/p>","protected":false},"featured_media":45697,"comment_status":"open","ping_status":"closed","template":"","meta":{"_gspb_post_css":"","iawp_total_views":0},"product_brand":[],"product_cat":[886,890,840,183,885],"product_tag":[148,147,146],"class_list":{"0":"post-45703","1":"product","2":"type-product","3":"status-publish","4":"has-post-thumbnail","6":"product_cat-informatique-electronique","7":"product_cat-informatique-gaming","8":"product_cat-setup-gaming","9":"product_cat-souris-et-gaming-mouse","10":"product_cat-tapis-gaming","11":"product_tag-tag_1304","12":"product_tag-tag_29","13":"product_tag-tag_1295","15":"first","16":"instock","17":"taxable","18":"shipping-taxable","19":"purchasable","20":"product-type-simple"},"ct_brands":[],"_links":{"self":[{"href":"https:\/\/gamerdeer.com\/en\/wp-json\/wp\/v2\/product\/45703","targetHints":{"allow":["GET"]}}],"collection":[{"href":"https:\/\/gamerdeer.com\/en\/wp-json\/wp\/v2\/product"}],"about":[{"href":"https:\/\/gamerdeer.com\/en\/wp-json\/wp\/v2\/types\/product"}],"replies":[{"embeddable":true,"href":"https:\/\/gamerdeer.com\/en\/wp-json\/wp\/v2\/comments?post=45703"}],"wp:featuredmedia":[{"embeddable":true,"href":"https:\/\/gamerdeer.com\/en\/wp-json\/wp\/v2\/media\/45697"}],"wp:attachment":[{"href":"https:\/\/gamerdeer.com\/en\/wp-json\/wp\/v2\/media?parent=45703"}],"wp:term":[{"taxonomy":"product_brand","embeddable":true,"href":"https:\/\/gamerdeer.com\/en\/wp-json\/wp\/v2\/product_brand?post=45703"},{"taxonomy":"product_cat","embeddable":true,"href":"https:\/\/gamerdeer.com\/en\/wp-json\/wp\/v2\/product_cat?post=45703"},{"taxonomy":"product_tag","embeddable":true,"href":"https:\/\/gamerdeer.com\/en\/wp-json\/wp\/v2\/product_tag?post=45703"}],"curies":[{"name":"wp","href":"https:\/\/api.w.org\/{rel}","templated":true}]}}