{"id":1150,"date":"2025-12-02T09:42:59","date_gmt":"2025-12-02T09:42:59","guid":{"rendered":"https:\/\/gamerdeer.com\/?page_id=1150"},"modified":"2026-04-14T12:17:41","modified_gmt":"2026-04-14T11:17:41","slug":"legal-information","status":"publish","type":"page","link":"https:\/\/gamerdeer.com\/en\/legal-information\/","title":{"rendered":"Legal information"},"content":{"rendered":"<p><em>Effective 01\/12\/2025<\/em><\/p>\n\n\n\n<p>In accordance with the provisions of Articles 6-III and 19 of Law No. 2004-575 of 21 June 2004 on confidence in the digital economy, known as the L.C.E.N., users and visitors to the site are hereby informed that <strong>gamerdeer.com<\/strong> the present legal notice.<\/p>\n\n\n\n<h2 class=\"wp-block-heading\" id=\"1-l-editeur-du-site\">1. The Site Editor<\/h2>\n\n\n\n<p>The website <strong>gamerdeer.com<\/strong> is published by :<\/p>\n\n\n\n<ul class=\"wp-block-list\">\n<li><strong>Identity :<\/strong> AD Creative Lab<\/li>\n\n\n\n<li><strong>Legal form :<\/strong> Sole trader (EI)<\/li>\n\n\n\n<li>Address: 58 rue de Monceau, 75380 PARIS<\/li>\n\n\n\n<li>Gamer Deer is a shop operated by AD Creative Lab, sole proprietorship, SIREN 820 703 411.<\/li>\n\n\n\n<li><strong>SIREN number :<\/strong> 820 703 411<\/li>\n\n\n\n<li><strong>Intracommunity VAT number :<\/strong> FR82820703411<\/li>\n\n\n\n<li><strong>Contact e-mail :<\/strong> hello@gamerdeer.com<\/li>\n<\/ul>\n\n\n\n<p>The publication director is <strong>Mr Altay Dagistan<\/strong>.<\/p>\n\n\n\n<h2 class=\"wp-block-heading\" id=\"2-l-hebergeur-du-site\">2. The Site Host<\/h2>\n\n\n\n<p>The website <strong>gamerdeer.com<\/strong> is hosted by :<\/p>\n\n\n\n<ul class=\"wp-block-list\">\n<li><strong>Host name :<\/strong> HOSTINGER INTERNATIONAL LTD<\/li>\n\n\n\n<li><strong>Address of host :<\/strong> 61 Lordou Vironos Street, 6023 Larnaca, Cyprus<\/li>\n\n\n\n<li><strong>Contact:<\/strong><a href=\"https:\/\/www.hostinger.fr\/contact\" target=\"_blank\" rel=\"noopener\" title=\"\"> https:\/\/www.hostinger.fr\/contact<\/a><\/li>\n<\/ul>\n\n\n\n<h2 class=\"wp-block-heading\" id=\"3-acces-au-site\">3. Access to the Site<\/h2>\n\n\n\n<p>The site can be accessed from any location, 7 days a week, 24 hours a day, except in cases of force majeure, scheduled or unscheduled interruptions, or where maintenance is required. In the event of modification, interruption or suspension of services, the Site Editor cannot be held responsible.<\/p>\n\n\n\n<h2 class=\"wp-block-heading\" id=\"4-propriete-intellectuelle\">4. Intellectual Property<\/h2>\n\n\n\n<p>This entire site is subject to French and international legislation on copyright and intellectual property. All reproduction rights are reserved, including for downloadable documents and iconographic and photographic representations. Reproduction of all or part of this site on any electronic medium whatsoever is strictly prohibited without the express authorisation of the publication director.<\/p>\n\n\n\n<h2 class=\"wp-block-heading\" id=\"5-collecte-des-donnees\">5. Data collection<\/h2>\n\n\n\n<p>The site ensures that the User's personal information is collected and processed with due respect for privacy in accordance with Act no. 78-17 of 6 January 1978 on Data Processing, Data Files and Individual Liberties and the RGPD.<\/p>\n\n\n\n<p>For further information, the User is invited to consult our Privacy Policy.<\/p>","protected":false},"excerpt":{"rendered":"<p>En vigueur au 01\/12\/2025 Conform\u00e9ment aux dispositions des Articles 6-III et 19 de la Loi n\u00b02004-575 du 21 juin 2004 pour la Confiance dans l\u2019\u00e9conomie num\u00e9rique, dite L.C.E.N., il est port\u00e9 \u00e0 la connaissance des utilisateurs et visiteurs du site gamerdeer.com les pr\u00e9sentes mentions l\u00e9gales. 1. L&#8217;\u00c9diteur du Site Le site gamerdeer.com est \u00e9dit\u00e9 par [&hellip;]<\/p>\n","protected":false},"author":1,"featured_media":0,"parent":0,"menu_order":0,"comment_status":"closed","ping_status":"closed","template":"","meta":{"_gspb_post_css":"","iawp_total_views":0,"footnotes":""},"class_list":["post-1150","page","type-page","status-publish","hentry"],"blocksy_meta":[],"_links":{"self":[{"href":"https:\/\/gamerdeer.com\/en\/wp-json\/wp\/v2\/pages\/1150","targetHints":{"allow":["GET"]}}],"collection":[{"href":"https:\/\/gamerdeer.com\/en\/wp-json\/wp\/v2\/pages"}],"about":[{"href":"https:\/\/gamerdeer.com\/en\/wp-json\/wp\/v2\/types\/page"}],"author":[{"embeddable":true,"href":"https:\/\/gamerdeer.com\/en\/wp-json\/wp\/v2\/users\/1"}],"replies":[{"embeddable":true,"href":"https:\/\/gamerdeer.com\/en\/wp-json\/wp\/v2\/comments?post=1150"}],"version-history":[{"count":7,"href":"https:\/\/gamerdeer.com\/en\/wp-json\/wp\/v2\/pages\/1150\/revisions"}],"predecessor-version":[{"id":69410,"href":"https:\/\/gamerdeer.com\/en\/wp-json\/wp\/v2\/pages\/1150\/revisions\/69410"}],"wp:attachment":[{"href":"https:\/\/gamerdeer.com\/en\/wp-json\/wp\/v2\/media?parent=1150"}],"curies":[{"name":"wp","href":"https:\/\/api.w.org\/{rel}","templated":true}]}}