{"id":1146,"date":"2025-12-01T12:23:42","date_gmt":"2025-12-01T12:23:42","guid":{"rendered":"https:\/\/gamerdeer.com\/?page_id=1146"},"modified":"2025-12-22T22:06:01","modified_gmt":"2025-12-22T22:06:01","slug":"general-terms-and-conditions-of-sale","status":"publish","type":"page","link":"https:\/\/gamerdeer.com\/en\/general-terms-and-conditions-of-sale\/","title":{"rendered":"General Terms and Conditions of Sale (GTCS)"},"content":{"rendered":"\n<p><em>Derni\u00e8re mise \u00e0 jour : 1 d\u00e9cembre 2025<\/em><\/p>\n\n\n\n<h2 class=\"wp-block-heading\" id=\"1-preambule-et-identite-du-vendeur\">1. Pr\u00e9ambule et Identit\u00e9 du Vendeur<\/h2>\n\n\n\n<p>Les pr\u00e9sentes Conditions G\u00e9n\u00e9rales de Vente (ci-apr\u00e8s &#8220;CGV&#8221;) r\u00e9gissent les relations contractuelles entre :<\/p>\n\n\n\n<p>D&#8217;une part, l&#8217;entreprise <strong>AD Creative Lab<\/strong>, exer\u00e7ant sous le nom commercial <strong>Gamer Deer<\/strong>, immatricul\u00e9e sous le num\u00e9ro SIREN <strong>820 703 411<\/strong>, assujettie \u00e0 la TVA (Num\u00e9ro TVA : <strong>FR82820703411<\/strong>), dont le si\u00e8ge social est situ\u00e9 \u00e0 58 rue de Monceau, CS 48756, 75380 Paris Cedex 08, ci-apr\u00e8s d\u00e9nomm\u00e9e le &#8220;Vendeur&#8221; ou &#8220;Gamer Deer&#8221;.<\/p>\n\n\n\n<p>Et d&#8217;autre part, toute personne physique ou morale proc\u00e9dant \u00e0 un achat sur le site internet <strong>gamerdeer.com<\/strong>, ci-apr\u00e8s d\u00e9nomm\u00e9e le &#8220;Client&#8221;.<\/p>\n\n\n\n<h2 class=\"wp-block-heading\" id=\"2-objet\">2. Objet<\/h2>\n\n\n\n<p>Les pr\u00e9sentes CGV visent \u00e0 d\u00e9finir les modalit\u00e9s de vente \u00e0 distance entre le Vendeur et le Client, de la commande aux services, en passant par le paiement et la livraison. Elles concernent la vente de produits et d&#8217;accessoires li\u00e9s \u00e0 l&#8217;univers du jeu vid\u00e9o (gaming).<\/p>\n\n\n\n<h2 class=\"wp-block-heading\" id=\"3-produits\">3. Produits<\/h2>\n\n\n\n<p>Les produits r\u00e9gis par les pr\u00e9sentes CGV sont ceux qui figurent sur le site internet <strong>gamerdeer.com<\/strong>. Les produits sont d\u00e9crits et pr\u00e9sent\u00e9s avec la plus grande exactitude possible. Toutefois, des variations minimes peuvent exister (notamment au niveau des couleurs ou des emballages) en raison des contraintes techniques des fournisseurs. Ces variations n&#8217;affectent pas la validit\u00e9 de la vente.<\/p>\n\n\n\n<h2 class=\"wp-block-heading\" id=\"4-prix\">4. Prix<\/h2>\n\n\n\n<p>Les prix des produits sont indiqu\u00e9s en <strong>Euros (\u20ac) toutes taxes comprises (TTC)<\/strong> tenant compte de la TVA applicable au jour de la commande. Tout changement du taux de TVA pourra \u00eatre r\u00e9percut\u00e9 sur le prix des produits.<\/p>\n\n\n\n<p>Le Vendeur se r\u00e9serve le droit de modifier ses prix \u00e0 tout moment, mais le produit sera factur\u00e9 sur la base du tarif en vigueur au moment de la validation de la commande.<\/p>\n\n\n\n<h2 class=\"wp-block-heading\" id=\"5-commande\">5. Commande<\/h2>\n\n\n\n<p>Toute commande pass\u00e9e sur le site <strong>gamerdeer.com<\/strong> suppose l&#8217;adh\u00e9sion aux pr\u00e9sentes CGV. Le processus de commande comprend les \u00e9tapes suivantes :<\/p>\n\n\n\n<ol start=\"1\" class=\"wp-block-list\">\n<li>S\u00e9lection des produits et ajout au panier.<\/li>\n\n\n\n<li>Validation du contenu du panier.<\/li>\n\n\n\n<li>Identification sur le site ou inscription.<\/li>\n\n\n\n<li>Choix du mode de livraison.<\/li>\n\n\n\n<li>Choix du mode de paiement et acceptation des CGV.<\/li>\n\n\n\n<li>Validation du paiement.<\/li>\n<\/ol>\n\n\n\n<p>La confirmation de la commande entra\u00eene acceptation des pr\u00e9sentes conditions de vente.<\/p>\n\n\n\n<h2 class=\"wp-block-heading\" id=\"6-paiement\">6. Paiement<\/h2>\n\n\n\n<p>Le paiement est exigible imm\u00e9diatement \u00e0 la commande. Le Client peut effectuer le r\u00e8glement par carte bancaire ou via des services de paiement s\u00e9curis\u00e9s (ex: PayPal, Stripe) propos\u00e9s sur le site. Le site utilise un syst\u00e8me de s\u00e9curisation des paiements en ligne permettant de crypter la transmission des donn\u00e9es bancaires.<\/p>\n\n\n\n<h2 class=\"wp-block-heading\" id=\"7-livraison-et-delais\">7. Livraison et D\u00e9lais<\/h2>\n\n\n\n<h3 class=\"wp-block-heading\" id=\"7-1-modalites-d-expedition\">7.1. Modalit\u00e9s d&#8217;exp\u00e9dition<\/h3>\n\n\n\n<p>Les produits sont livr\u00e9s \u00e0 l&#8217;adresse de livraison indiqu\u00e9e au cours du processus de commande. Pour proposer une large gamme de produits \u00e0 des prix comp\u00e9titifs, <strong>Gamer Deer<\/strong> travaille avec des partenaires logistiques internationaux. Les produits peuvent donc \u00eatre exp\u00e9di\u00e9s directement depuis nos entrep\u00f4ts partenaires situ\u00e9s hors de France (Union Europ\u00e9enne ou Asie).<\/p>\n\n\n\n<h3 class=\"wp-block-heading\" id=\"7-2-delais-de-livraison\">7.2. D\u00e9lais de livraison<\/h3>\n\n\n\n<p>Les d\u00e9lais de livraison indiqu\u00e9s sur le site sont des d\u00e9lais moyens constat\u00e9s.<\/p>\n\n\n\n<ul class=\"wp-block-list\">\n<li><strong>D\u00e9lai moyen constat\u00e9 :<\/strong> de 7 \u00e0 15 jours ouvr\u00e9s.<\/li>\n\n\n\n<li>Le Vendeur met tout en \u0153uvre pour respecter ces d\u00e9lais. Toutefois, ces d\u00e9lais peuvent varier en fonction des contraintes logistiques et douani\u00e8res.<\/li>\n<\/ul>\n\n\n\n<h3 class=\"wp-block-heading\" id=\"7-3-frais-de-douane\">7.3. Frais de douane<\/h3>\n\n\n\n<p>Pour les livraisons en provenance de pays hors Union Europ\u00e9enne, des droits de douane ou autres taxes locales sont susceptibles d&#8217;\u00eatre exigibles. Ces droits et sommes ne rel\u00e8vent pas du ressort du Vendeur. Ils seront \u00e0 la charge du Client et rel\u00e8vent de son enti\u00e8re responsabilit\u00e9, tant en termes de d\u00e9clarations que de paiements aux autorit\u00e9s comp\u00e9tentes.<\/p>\n\n\n\n<h2 class=\"wp-block-heading\" id=\"8-droit-de-retractation-et-retours\">8. Droit de R\u00e9tractation et Retours<\/h2>\n\n\n\n<p>Conform\u00e9ment \u00e0 l&#8217;article L.221-18 du Code de la Consommation, le Client dispose d&#8217;un d\u00e9lai de <strong>14 jours<\/strong> \u00e0 compter de la r\u00e9ception du produit pour exercer son droit de r\u00e9tractation, sans avoir \u00e0 justifier de motifs ni \u00e0 payer de p\u00e9nalit\u00e9.<\/p>\n\n\n\n<h3 class=\"wp-block-heading\" id=\"8-1-modalites-de-retour\">8.1. Modalit\u00e9s de retour<\/h3>\n\n\n\n<p>Pour exercer ce droit, le Client doit notifier sa d\u00e9cision par e-mail \u00e0 <strong>hello@gamerdeer.com<\/strong>. Le Client devra renvoyer le produit \u00e0 l&#8217;adresse fran\u00e7aise suivante : <strong>Altay Dagistan \/ Gamer Deer<\/strong> [Ins\u00e9rer votre adresse de retour en France ici]<\/p>\n\n\n\n<p><strong>Note importante :<\/strong> Les frais de retour sont \u00e0 la charge du Client.<\/p>\n\n\n\n<h3 class=\"wp-block-heading\" id=\"8-2-remboursement\">8.2. Remboursement<\/h3>\n\n\n\n<p>Le remboursement sera effectu\u00e9 dans un d\u00e9lai de 14 jours suivant la r\u00e9ception du produit retourn\u00e9 par le Vendeur, via le m\u00eame moyen de paiement que celui utilis\u00e9 lors de la commande. Le produit doit \u00eatre retourn\u00e9 dans son \u00e9tat d&#8217;origine et complet (emballage, accessoires, notice).<\/p>\n\n\n\n<h2 class=\"wp-block-heading\" id=\"9-garanties-legales\">9. Garanties L\u00e9gales<\/h2>\n\n\n\n<p>Le Vendeur est tenu des d\u00e9fauts de conformit\u00e9 du bien au contrat (Garantie L\u00e9gale de Conformit\u00e9) et des d\u00e9fauts cach\u00e9s de la chose vendue (Garantie des Vices Cach\u00e9s). Le Client peut formuler une demande au titre de ces garanties en contactant le support \u00e0 <strong>hello@gamerdeer.com<\/strong>.<\/p>\n\n\n\n<h2 class=\"wp-block-heading\" id=\"10-propriete-intellectuelle\">10. Propri\u00e9t\u00e9 Intellectuelle<\/h2>\n\n\n\n<p>Tous les \u00e9l\u00e9ments du site <strong>gamerdeer.com<\/strong> sont et restent la propri\u00e9t\u00e9 intellectuelle et exclusive du Vendeur. Nul n&#8217;est autoris\u00e9 \u00e0 reproduire, exploiter, rediffuser, ou utiliser \u00e0 quelque titre que ce soit, m\u00eame partiellement, des \u00e9l\u00e9ments du site.<\/p>\n\n\n\n<h2 class=\"wp-block-heading\" id=\"11-donnees-personnelles\">11. Donn\u00e9es Personnelles<\/h2>\n\n\n\n<p>Le Vendeur s&#8217;engage \u00e0 pr\u00e9server la confidentialit\u00e9 des informations fournies par le Client. Les d\u00e9tails sont consultables dans la page &#8220;Politique de Confidentialit\u00e9&#8221; du site.<\/p>\n\n\n\n<h2 class=\"wp-block-heading\" id=\"12-droit-applicable-et-litiges\">12. Droit Applicable et Litiges<sup><\/sup><\/h2>\n\n\n\n<p>Les pr\u00e9sentes CGV sont soumises \u00e0 la loi fran\u00e7aise. En cas de litige, une solution amiable sera recherch\u00e9e avant toute action judiciaire. \u00c0 d\u00e9faut, les tribunaux fran\u00e7ais seront seuls comp\u00e9tents.<sup><\/sup><\/p>\n\n\n\n<p>Le Client est inform\u00e9 qu&#8217;il peut r<sup><\/sup>ecourir \u00e0 une m\u00e9diation conventionnelle, notamment aupr\u00e8s de la Commission de la m\u00e9diation de la consommation, en cas de contestation.<\/p>\n","protected":false},"excerpt":{"rendered":"<p>Derni\u00e8re mise \u00e0 jour : 1 d\u00e9cembre 2025 1. Pr\u00e9ambule et Identit\u00e9 du Vendeur Les pr\u00e9sentes Conditions G\u00e9n\u00e9rales de Vente (ci-apr\u00e8s &#8220;CGV&#8221;) r\u00e9gissent les relations contractuelles entre : D&#8217;une part, l&#8217;entreprise AD Creative Lab, exer\u00e7ant sous le nom commercial Gamer Deer, immatricul\u00e9e sous le num\u00e9ro SIREN 820 703 411, assujettie \u00e0 la TVA (Num\u00e9ro TVA [&hellip;]<\/p>\n","protected":false},"author":1,"featured_media":0,"parent":0,"menu_order":0,"comment_status":"closed","ping_status":"closed","template":"","meta":{"_gspb_post_css":"","iawp_total_views":0,"footnotes":""},"class_list":["post-1146","page","type-page","status-publish","hentry"],"blocksy_meta":[],"_links":{"self":[{"href":"https:\/\/gamerdeer.com\/en\/wp-json\/wp\/v2\/pages\/1146","targetHints":{"allow":["GET"]}}],"collection":[{"href":"https:\/\/gamerdeer.com\/en\/wp-json\/wp\/v2\/pages"}],"about":[{"href":"https:\/\/gamerdeer.com\/en\/wp-json\/wp\/v2\/types\/page"}],"author":[{"embeddable":true,"href":"https:\/\/gamerdeer.com\/en\/wp-json\/wp\/v2\/users\/1"}],"replies":[{"embeddable":true,"href":"https:\/\/gamerdeer.com\/en\/wp-json\/wp\/v2\/comments?post=1146"}],"version-history":[{"count":5,"href":"https:\/\/gamerdeer.com\/en\/wp-json\/wp\/v2\/pages\/1146\/revisions"}],"predecessor-version":[{"id":60269,"href":"https:\/\/gamerdeer.com\/en\/wp-json\/wp\/v2\/pages\/1146\/revisions\/60269"}],"wp:attachment":[{"href":"https:\/\/gamerdeer.com\/en\/wp-json\/wp\/v2\/media?parent=1146"}],"curies":[{"name":"wp","href":"https:\/\/api.w.org\/{rel}","templated":true}]}}